{"id":1017,"date":"2022-01-20T15:09:54","date_gmt":"2022-01-20T13:09:54","guid":{"rendered":"https:\/\/dev.terapalvelu.fi\/?page_id=1017"},"modified":"2022-02-21T17:52:33","modified_gmt":"2022-02-21T15:52:33","slug":"tietosuojaseloste","status":"publish","type":"page","link":"https:\/\/terapalvelu.fi\/en\/tietosuojaseloste\/","title":{"rendered":"Privacy policy"},"content":{"rendered":"<p>01.02.2022<\/p>\n\n\n\n<h2 class=\"wp-block-heading\" id=\"rekisterinpitaja\">Rekisterinpit\u00e4j\u00e4<\/h2>\n\n\n\n<p>Iisalmen Ter\u00e4palvelu Ky (0576522-1).<\/p>\n\n\n\n<p>Antinkatu 10<\/p>\n\n\n\n<p>74120 Iisalmi<\/p>\n\n\n\n<h2 class=\"wp-block-heading\" id=\"keratyt-tiedot-ja-tarkoitus\">Ker\u00e4tyt tiedot ja tarkoitus<\/h2>\n\n\n\n<p>Asiakastietoihin tallennetaan nimi-, osoite- ja yhteystiedot sek\u00e4 tilatut tuotteet. Tietoja k\u00e4ytet\u00e4\u00e4n tilauksen k\u00e4sittelyyn ja toimitukseen, arkistointiin mahdollista my\u00f6hemp\u00e4\u00e4 tilaukseen liittyv\u00e4\u00e4 tarvetta varten sek\u00e4 asiakassuhteen hoitoa varten. Tietoja voidaan k\u00e4ytt\u00e4\u00e4 my\u00f6s tilastointiin ja verkkokaupan kehitt\u00e4mistarkoituksiin sek\u00e4 markkinointiin. <\/p>\n\n\n\n<h2 class=\"wp-block-heading\" id=\"tietojen-sailytysaika\">Tietojen s\u00e4ilytysaika<\/h2>\n\n\n\n<p>Tietoja s\u00e4ilytet\u00e4\u00e4n niin kauan kuin on tarpeellista edell\u00e4 mainittujen k\u00e4ytt\u00f6tarkoitusten toteuttamiseksi.<\/p>\n\n\n\n<h2 class=\"wp-block-heading\" id=\"tietojen-luovuttaminen\">Tietojen luovuttaminen<\/h2>\n\n\n\n<p>Luovutamme tietoja logistiikkayhti\u00f6ille ja maksujen v\u00e4litt\u00e4jille niilt\u00e4 osin kun se on v\u00e4ltt\u00e4m\u00e4t\u00f6nt\u00e4 tilauksen tekemisen, k\u00e4sittelyn, maksamisen, toimittamisen tai laskuttamisen toteuttamiseksi. Henkil\u00f6tietoja ei siirret\u00e4 ETA-maiden ulkopuolelle.<\/p>\n\n\n\n<h2 class=\"wp-block-heading\" id=\"asiakkaan-oikeudet-tietoihin\">Asiakkaan oikeudet tietoihin<\/h2>\n\n\n\n<p>Teill\u00e4 on oikeus saada tiet\u00e4\u00e4 mit\u00e4 tietoja teist\u00e4 on tallennettu. Teill\u00e4 on my\u00f6s oikeus pyyt\u00e4\u00e4 tietojanne poistettavaksi.<\/p>","protected":false},"excerpt":{"rendered":"<p>01.02.2022 Rekisterinpit\u00e4j\u00e4 Iisalmen Ter\u00e4palvelu Ky (0576522-1). Antinkatu 10 74120 Iisalmi Ker\u00e4tyt tiedot ja tarkoitus Asiakastietoihin tallennetaan nimi-, osoite- ja yhteystiedot sek\u00e4 tilatut tuotteet. Tietoja k\u00e4ytet\u00e4\u00e4n tilauksen k\u00e4sittelyyn ja toimitukseen, arkistointiin mahdollista my\u00f6hemp\u00e4\u00e4 tilaukseen liittyv\u00e4\u00e4 tarvetta varten sek\u00e4 asiakassuhteen hoitoa varten. Tietoja voidaan k\u00e4ytt\u00e4\u00e4 my\u00f6s tilastointiin ja verkkokaupan kehitt\u00e4mistarkoituksiin sek\u00e4 markkinointiin. Tietojen s\u00e4ilytysaika Tietoja s\u00e4ilytet\u00e4\u00e4n niin [&hellip;]<\/p>\n","protected":false},"author":8,"featured_media":0,"parent":0,"menu_order":0,"comment_status":"closed","ping_status":"closed","template":"","meta":{"_acf_changed":false,"jetpack_post_was_ever_published":false,"footnotes":""},"class_list":["post-1017","page","type-page","status-publish","hentry"],"acf":[],"yoast_head":"<!-- This site is optimized with the Yoast SEO plugin v27.4 - https:\/\/yoast.com\/product\/yoast-seo-wordpress\/ -->\n<title>Tietosuojaseloste - Iisalmen Ter\u00e4palvelu<\/title>\n<meta name=\"robots\" content=\"index, follow, max-snippet:-1, max-image-preview:large, max-video-preview:-1\" \/>\n<link rel=\"canonical\" href=\"https:\/\/terapalvelu.fi\/en\/tietosuojaseloste\/\" \/>\n<meta property=\"og:locale\" content=\"en_GB\" \/>\n<meta property=\"og:type\" content=\"article\" \/>\n<meta property=\"og:title\" content=\"Tietosuojaseloste - Iisalmen Ter\u00e4palvelu\" \/>\n<meta property=\"og:description\" content=\"01.02.2022 Rekisterinpit\u00e4j\u00e4 Iisalmen Ter\u00e4palvelu Ky (0576522-1). Antinkatu 10 74120 Iisalmi Ker\u00e4tyt tiedot ja tarkoitus Asiakastietoihin tallennetaan nimi-, osoite- ja yhteystiedot sek\u00e4 tilatut tuotteet. Tietoja k\u00e4ytet\u00e4\u00e4n tilauksen k\u00e4sittelyyn ja toimitukseen, arkistointiin mahdollista my\u00f6hemp\u00e4\u00e4 tilaukseen liittyv\u00e4\u00e4 tarvetta varten sek\u00e4 asiakassuhteen hoitoa varten. Tietoja voidaan k\u00e4ytt\u00e4\u00e4 my\u00f6s tilastointiin ja verkkokaupan kehitt\u00e4mistarkoituksiin sek\u00e4 markkinointiin. Tietojen s\u00e4ilytysaika Tietoja s\u00e4ilytet\u00e4\u00e4n niin [&hellip;]\" \/>\n<meta property=\"og:url\" content=\"https:\/\/terapalvelu.fi\/en\/tietosuojaseloste\/\" \/>\n<meta property=\"og:site_name\" content=\"Iisalmen Ter\u00e4palvelu\" \/>\n<meta property=\"article:modified_time\" content=\"2022-02-21T15:52:33+00:00\" \/>\n<meta name=\"twitter:card\" content=\"summary_large_image\" \/>\n<meta name=\"twitter:label1\" content=\"Estimated reading time\" \/>\n\t<meta name=\"twitter:data1\" content=\"1 minute\" \/>\n<script type=\"application\/ld+json\" class=\"yoast-schema-graph\">{\"@context\":\"https:\\\/\\\/schema.org\",\"@graph\":[{\"@type\":\"WebPage\",\"@id\":\"https:\\\/\\\/terapalvelu.fi\\\/tietosuojaseloste\\\/\",\"url\":\"https:\\\/\\\/terapalvelu.fi\\\/tietosuojaseloste\\\/\",\"name\":\"Tietosuojaseloste - Iisalmen Ter\u00e4palvelu\",\"isPartOf\":{\"@id\":\"https:\\\/\\\/terapalvelu.fi\\\/#website\"},\"datePublished\":\"2022-01-20T13:09:54+00:00\",\"dateModified\":\"2022-02-21T15:52:33+00:00\",\"breadcrumb\":{\"@id\":\"https:\\\/\\\/terapalvelu.fi\\\/tietosuojaseloste\\\/#breadcrumb\"},\"inLanguage\":\"en-GB\",\"potentialAction\":[{\"@type\":\"ReadAction\",\"target\":[\"https:\\\/\\\/terapalvelu.fi\\\/tietosuojaseloste\\\/\"]}]},{\"@type\":\"BreadcrumbList\",\"@id\":\"https:\\\/\\\/terapalvelu.fi\\\/tietosuojaseloste\\\/#breadcrumb\",\"itemListElement\":[{\"@type\":\"ListItem\",\"position\":1,\"name\":\"Etusivu\",\"item\":\"https:\\\/\\\/terapalvelu.fi\\\/\"},{\"@type\":\"ListItem\",\"position\":2,\"name\":\"Tietosuojaseloste\"}]},{\"@type\":\"WebSite\",\"@id\":\"https:\\\/\\\/terapalvelu.fi\\\/#website\",\"url\":\"https:\\\/\\\/terapalvelu.fi\\\/\",\"name\":\"Iisalmen Ter\u00e4palvelu\",\"description\":\"Vannesahanterien maahantuonti ja valmistus. Terien, ty\u00f6kalujen ja koneiden myynti.\",\"publisher\":{\"@id\":\"https:\\\/\\\/terapalvelu.fi\\\/#organization\"},\"potentialAction\":[{\"@type\":\"SearchAction\",\"target\":{\"@type\":\"EntryPoint\",\"urlTemplate\":\"https:\\\/\\\/terapalvelu.fi\\\/?s={search_term_string}\"},\"query-input\":{\"@type\":\"PropertyValueSpecification\",\"valueRequired\":true,\"valueName\":\"search_term_string\"}}],\"inLanguage\":\"en-GB\"},{\"@type\":\"Organization\",\"@id\":\"https:\\\/\\\/terapalvelu.fi\\\/#organization\",\"name\":\"Iisalmen Ter\u00e4palvelu\",\"url\":\"https:\\\/\\\/terapalvelu.fi\\\/\",\"logo\":{\"@type\":\"ImageObject\",\"inLanguage\":\"en-GB\",\"@id\":\"https:\\\/\\\/terapalvelu.fi\\\/#\\\/schema\\\/logo\\\/image\\\/\",\"url\":\"https:\\\/\\\/i0.wp.com\\\/terapalvelu.fi\\\/wp-content\\\/uploads\\\/2022\\\/01\\\/logo.png?fit=241%2C105&ssl=1\",\"contentUrl\":\"https:\\\/\\\/i0.wp.com\\\/terapalvelu.fi\\\/wp-content\\\/uploads\\\/2022\\\/01\\\/logo.png?fit=241%2C105&ssl=1\",\"width\":241,\"height\":105,\"caption\":\"Iisalmen Ter\u00e4palvelu\"},\"image\":{\"@id\":\"https:\\\/\\\/terapalvelu.fi\\\/#\\\/schema\\\/logo\\\/image\\\/\"}}]}<\/script>\n<!-- \/ Yoast SEO plugin. -->","yoast_head_json":{"title":"Tietosuojaseloste - Iisalmen Ter\u00e4palvelu","robots":{"index":"index","follow":"follow","max-snippet":"max-snippet:-1","max-image-preview":"max-image-preview:large","max-video-preview":"max-video-preview:-1"},"canonical":"https:\/\/terapalvelu.fi\/en\/tietosuojaseloste\/","og_locale":"en_GB","og_type":"article","og_title":"Tietosuojaseloste - Iisalmen Ter\u00e4palvelu","og_description":"01.02.2022 Rekisterinpit\u00e4j\u00e4 Iisalmen Ter\u00e4palvelu Ky (0576522-1). Antinkatu 10 74120 Iisalmi Ker\u00e4tyt tiedot ja tarkoitus Asiakastietoihin tallennetaan nimi-, osoite- ja yhteystiedot sek\u00e4 tilatut tuotteet. Tietoja k\u00e4ytet\u00e4\u00e4n tilauksen k\u00e4sittelyyn ja toimitukseen, arkistointiin mahdollista my\u00f6hemp\u00e4\u00e4 tilaukseen liittyv\u00e4\u00e4 tarvetta varten sek\u00e4 asiakassuhteen hoitoa varten. Tietoja voidaan k\u00e4ytt\u00e4\u00e4 my\u00f6s tilastointiin ja verkkokaupan kehitt\u00e4mistarkoituksiin sek\u00e4 markkinointiin. Tietojen s\u00e4ilytysaika Tietoja s\u00e4ilytet\u00e4\u00e4n niin [&hellip;]","og_url":"https:\/\/terapalvelu.fi\/en\/tietosuojaseloste\/","og_site_name":"Iisalmen Ter\u00e4palvelu","article_modified_time":"2022-02-21T15:52:33+00:00","twitter_card":"summary_large_image","twitter_misc":{"Estimated reading time":"1 minute"},"schema":{"@context":"https:\/\/schema.org","@graph":[{"@type":"WebPage","@id":"https:\/\/terapalvelu.fi\/tietosuojaseloste\/","url":"https:\/\/terapalvelu.fi\/tietosuojaseloste\/","name":"Tietosuojaseloste - Iisalmen Ter\u00e4palvelu","isPartOf":{"@id":"https:\/\/terapalvelu.fi\/#website"},"datePublished":"2022-01-20T13:09:54+00:00","dateModified":"2022-02-21T15:52:33+00:00","breadcrumb":{"@id":"https:\/\/terapalvelu.fi\/tietosuojaseloste\/#breadcrumb"},"inLanguage":"en-GB","potentialAction":[{"@type":"ReadAction","target":["https:\/\/terapalvelu.fi\/tietosuojaseloste\/"]}]},{"@type":"BreadcrumbList","@id":"https:\/\/terapalvelu.fi\/tietosuojaseloste\/#breadcrumb","itemListElement":[{"@type":"ListItem","position":1,"name":"Etusivu","item":"https:\/\/terapalvelu.fi\/"},{"@type":"ListItem","position":2,"name":"Tietosuojaseloste"}]},{"@type":"WebSite","@id":"https:\/\/terapalvelu.fi\/#website","url":"https:\/\/terapalvelu.fi\/","name":"Iisalmen Ter\u00e4palvelu","description":"Vannesahanterien maahantuonti ja valmistus. Terien, ty\u00f6kalujen ja koneiden myynti.","publisher":{"@id":"https:\/\/terapalvelu.fi\/#organization"},"potentialAction":[{"@type":"SearchAction","target":{"@type":"EntryPoint","urlTemplate":"https:\/\/terapalvelu.fi\/?s={search_term_string}"},"query-input":{"@type":"PropertyValueSpecification","valueRequired":true,"valueName":"search_term_string"}}],"inLanguage":"en-GB"},{"@type":"Organization","@id":"https:\/\/terapalvelu.fi\/#organization","name":"Iisalmen Ter\u00e4palvelu","url":"https:\/\/terapalvelu.fi\/","logo":{"@type":"ImageObject","inLanguage":"en-GB","@id":"https:\/\/terapalvelu.fi\/#\/schema\/logo\/image\/","url":"https:\/\/i0.wp.com\/terapalvelu.fi\/wp-content\/uploads\/2022\/01\/logo.png?fit=241%2C105&ssl=1","contentUrl":"https:\/\/i0.wp.com\/terapalvelu.fi\/wp-content\/uploads\/2022\/01\/logo.png?fit=241%2C105&ssl=1","width":241,"height":105,"caption":"Iisalmen Ter\u00e4palvelu"},"image":{"@id":"https:\/\/terapalvelu.fi\/#\/schema\/logo\/image\/"}}]}},"jetpack_sharing_enabled":true,"jetpack_shortlink":"https:\/\/wp.me\/PdJvzf-gp","_links":{"self":[{"href":"https:\/\/terapalvelu.fi\/en\/wp-json\/wp\/v2\/pages\/1017","targetHints":{"allow":["GET"]}}],"collection":[{"href":"https:\/\/terapalvelu.fi\/en\/wp-json\/wp\/v2\/pages"}],"about":[{"href":"https:\/\/terapalvelu.fi\/en\/wp-json\/wp\/v2\/types\/page"}],"author":[{"embeddable":true,"href":"https:\/\/terapalvelu.fi\/en\/wp-json\/wp\/v2\/users\/8"}],"replies":[{"embeddable":true,"href":"https:\/\/terapalvelu.fi\/en\/wp-json\/wp\/v2\/comments?post=1017"}],"version-history":[{"count":3,"href":"https:\/\/terapalvelu.fi\/en\/wp-json\/wp\/v2\/pages\/1017\/revisions"}],"predecessor-version":[{"id":1194,"href":"https:\/\/terapalvelu.fi\/en\/wp-json\/wp\/v2\/pages\/1017\/revisions\/1194"}],"wp:attachment":[{"href":"https:\/\/terapalvelu.fi\/en\/wp-json\/wp\/v2\/media?parent=1017"}],"curies":[{"name":"wp","href":"https:\/\/api.w.org\/{rel}","templated":true}]}}