{"id":943,"date":"2022-01-13T15:39:22","date_gmt":"2022-01-13T13:39:22","guid":{"rendered":"http:\/\/89.166.51.80\/~terapalvelu\/?page_id=943"},"modified":"2022-06-21T07:37:19","modified_gmt":"2022-06-21T04:37:19","slug":"etusivu","status":"publish","type":"page","link":"https:\/\/terapalvelu.fi\/en\/","title":{"rendered":"Frontpage"},"content":{"rendered":"<h2 class=\"wp-block-heading\" id=\"tervetuloa-iisalmen-terapalvelun-kauppaan\">BANDSAW BLADES<\/h2>\n\n\n\n<p>That's our thing. We make them from morning to night with passion and the skill of long experience using the best western blade materials. Order yours easily from our web store! Iisalmen Ter\u00e4palvelu has been serving companies and private customers since 1984.<\/p>\n\n\n\n<p><\/p>","protected":false},"excerpt":{"rendered":"<p>VANNESAHANTER\u00c4T Se on meid\u00e4n juttu. Niit\u00e4 teemme aamusta iltaan intohimolla ja pitk\u00e4n kokemuksen tuomalla taidolla k\u00e4ytt\u00e4en parhaita l\u00e4nsimaisia ter\u00e4materiaaleja. Tilaa omasi k\u00e4tev\u00e4sti verkkokaupastamme! Iisalmen Ter\u00e4palvelu on palvellut yrityksi\u00e4 ja yksityisi\u00e4 asiakkaita vuodesta 1984.<\/p>","protected":false},"author":3,"featured_media":0,"parent":0,"menu_order":0,"comment_status":"closed","ping_status":"closed","template":"","meta":{"_acf_changed":false,"jetpack_post_was_ever_published":false,"footnotes":""},"class_list":["post-943","page","type-page","status-publish","hentry"],"acf":[],"yoast_head":"<!-- This site is optimized with the Yoast SEO plugin v27.4 - https:\/\/yoast.com\/product\/yoast-seo-wordpress\/ -->\n<title>Etusivu - Iisalmen Ter\u00e4palvelu<\/title>\n<meta name=\"description\" content=\"Meilt\u00e4 saat vannesahanter\u00e4t omasta liitt\u00e4m\u00f6st\u00e4mme mittojen mukaan sek\u00e4 my\u00f6s muut ty\u00f6st\u00f6ter\u00e4t ja ty\u00f6kalut. Iisalmen Ter\u00e4palvelu on palvellut yrityksi\u00e4 ja yksityisi\u00e4 asiakkaita vuodesta 1984.\" \/>\n<meta name=\"robots\" content=\"index, follow, max-snippet:-1, max-image-preview:large, max-video-preview:-1\" \/>\n<link rel=\"canonical\" href=\"https:\/\/terapalvelu.fi\/en\/\" \/>\n<meta property=\"og:locale\" content=\"en_GB\" \/>\n<meta property=\"og:type\" content=\"article\" \/>\n<meta property=\"og:title\" content=\"Etusivu - Iisalmen Ter\u00e4palvelu\" \/>\n<meta property=\"og:description\" content=\"Meilt\u00e4 saat vannesahanter\u00e4t omasta liitt\u00e4m\u00f6st\u00e4mme mittojen mukaan sek\u00e4 my\u00f6s muut ty\u00f6st\u00f6ter\u00e4t ja ty\u00f6kalut. Iisalmen Ter\u00e4palvelu on palvellut yrityksi\u00e4 ja yksityisi\u00e4 asiakkaita vuodesta 1984.\" \/>\n<meta property=\"og:url\" content=\"https:\/\/terapalvelu.fi\/en\/\" \/>\n<meta property=\"og:site_name\" content=\"Iisalmen Ter\u00e4palvelu\" \/>\n<meta property=\"article:modified_time\" content=\"2022-06-21T04:37:19+00:00\" \/>\n<meta name=\"twitter:card\" content=\"summary_large_image\" \/>\n<meta name=\"twitter:label1\" content=\"Estimated reading time\" \/>\n\t<meta name=\"twitter:data1\" content=\"1 minute\" \/>\n<script type=\"application\/ld+json\" class=\"yoast-schema-graph\">{\"@context\":\"https:\\\/\\\/schema.org\",\"@graph\":[{\"@type\":\"WebPage\",\"@id\":\"https:\\\/\\\/terapalvelu.fi\\\/\",\"url\":\"https:\\\/\\\/terapalvelu.fi\\\/\",\"name\":\"Etusivu - Iisalmen Ter\u00e4palvelu\",\"isPartOf\":{\"@id\":\"https:\\\/\\\/terapalvelu.fi\\\/#website\"},\"datePublished\":\"2022-01-13T13:39:22+00:00\",\"dateModified\":\"2022-06-21T04:37:19+00:00\",\"description\":\"Meilt\u00e4 saat vannesahanter\u00e4t omasta liitt\u00e4m\u00f6st\u00e4mme mittojen mukaan sek\u00e4 my\u00f6s muut ty\u00f6st\u00f6ter\u00e4t ja ty\u00f6kalut. Iisalmen Ter\u00e4palvelu on palvellut yrityksi\u00e4 ja yksityisi\u00e4 asiakkaita vuodesta 1984.\",\"breadcrumb\":{\"@id\":\"https:\\\/\\\/terapalvelu.fi\\\/#breadcrumb\"},\"inLanguage\":\"en-GB\",\"potentialAction\":[{\"@type\":\"ReadAction\",\"target\":[\"https:\\\/\\\/terapalvelu.fi\\\/\"]}]},{\"@type\":\"BreadcrumbList\",\"@id\":\"https:\\\/\\\/terapalvelu.fi\\\/#breadcrumb\",\"itemListElement\":[{\"@type\":\"ListItem\",\"position\":1,\"name\":\"Etusivu\",\"item\":\"https:\\\/\\\/terapalvelu.fi\\\/\"},{\"@type\":\"ListItem\",\"position\":2,\"name\":\"Etusivu\"}]},{\"@type\":\"WebSite\",\"@id\":\"https:\\\/\\\/terapalvelu.fi\\\/#website\",\"url\":\"https:\\\/\\\/terapalvelu.fi\\\/\",\"name\":\"Iisalmen Ter\u00e4palvelu\",\"description\":\"Vannesahanterien maahantuonti ja valmistus. Terien, ty\u00f6kalujen ja koneiden myynti.\",\"publisher\":{\"@id\":\"https:\\\/\\\/terapalvelu.fi\\\/#organization\"},\"potentialAction\":[{\"@type\":\"SearchAction\",\"target\":{\"@type\":\"EntryPoint\",\"urlTemplate\":\"https:\\\/\\\/terapalvelu.fi\\\/?s={search_term_string}\"},\"query-input\":{\"@type\":\"PropertyValueSpecification\",\"valueRequired\":true,\"valueName\":\"search_term_string\"}}],\"inLanguage\":\"en-GB\"},{\"@type\":\"Organization\",\"@id\":\"https:\\\/\\\/terapalvelu.fi\\\/#organization\",\"name\":\"Iisalmen Ter\u00e4palvelu\",\"url\":\"https:\\\/\\\/terapalvelu.fi\\\/\",\"logo\":{\"@type\":\"ImageObject\",\"inLanguage\":\"en-GB\",\"@id\":\"https:\\\/\\\/terapalvelu.fi\\\/#\\\/schema\\\/logo\\\/image\\\/\",\"url\":\"https:\\\/\\\/i0.wp.com\\\/terapalvelu.fi\\\/wp-content\\\/uploads\\\/2022\\\/01\\\/logo.png?fit=241%2C105&ssl=1\",\"contentUrl\":\"https:\\\/\\\/i0.wp.com\\\/terapalvelu.fi\\\/wp-content\\\/uploads\\\/2022\\\/01\\\/logo.png?fit=241%2C105&ssl=1\",\"width\":241,\"height\":105,\"caption\":\"Iisalmen Ter\u00e4palvelu\"},\"image\":{\"@id\":\"https:\\\/\\\/terapalvelu.fi\\\/#\\\/schema\\\/logo\\\/image\\\/\"}}]}<\/script>\n<!-- \/ Yoast SEO plugin. -->","yoast_head_json":{"title":"Etusivu - Iisalmen Ter\u00e4palvelu","description":"From us you can get bandsaw blades from our own welding department and also other tools and blades. Iisalmen Ter\u00e4palvelu has been serving companies and private customers since 1984.","robots":{"index":"index","follow":"follow","max-snippet":"max-snippet:-1","max-image-preview":"max-image-preview:large","max-video-preview":"max-video-preview:-1"},"canonical":"https:\/\/terapalvelu.fi\/en\/","og_locale":"en_GB","og_type":"article","og_title":"Etusivu - Iisalmen Ter\u00e4palvelu","og_description":"Meilt\u00e4 saat vannesahanter\u00e4t omasta liitt\u00e4m\u00f6st\u00e4mme mittojen mukaan sek\u00e4 my\u00f6s muut ty\u00f6st\u00f6ter\u00e4t ja ty\u00f6kalut. Iisalmen Ter\u00e4palvelu on palvellut yrityksi\u00e4 ja yksityisi\u00e4 asiakkaita vuodesta 1984.","og_url":"https:\/\/terapalvelu.fi\/en\/","og_site_name":"Iisalmen Ter\u00e4palvelu","article_modified_time":"2022-06-21T04:37:19+00:00","twitter_card":"summary_large_image","twitter_misc":{"Estimated reading time":"1 minute"},"schema":{"@context":"https:\/\/schema.org","@graph":[{"@type":"WebPage","@id":"https:\/\/terapalvelu.fi\/","url":"https:\/\/terapalvelu.fi\/","name":"Etusivu - Iisalmen Ter\u00e4palvelu","isPartOf":{"@id":"https:\/\/terapalvelu.fi\/#website"},"datePublished":"2022-01-13T13:39:22+00:00","dateModified":"2022-06-21T04:37:19+00:00","description":"From us you can get bandsaw blades from our own welding department and also other tools and blades. Iisalmen Ter\u00e4palvelu has been serving companies and private customers since 1984.","breadcrumb":{"@id":"https:\/\/terapalvelu.fi\/#breadcrumb"},"inLanguage":"en-GB","potentialAction":[{"@type":"ReadAction","target":["https:\/\/terapalvelu.fi\/"]}]},{"@type":"BreadcrumbList","@id":"https:\/\/terapalvelu.fi\/#breadcrumb","itemListElement":[{"@type":"ListItem","position":1,"name":"Etusivu","item":"https:\/\/terapalvelu.fi\/"},{"@type":"ListItem","position":2,"name":"Etusivu"}]},{"@type":"WebSite","@id":"https:\/\/terapalvelu.fi\/#website","url":"https:\/\/terapalvelu.fi\/","name":"Iisalmen Ter\u00e4palvelu","description":"Vannesahanterien maahantuonti ja valmistus. Terien, ty\u00f6kalujen ja koneiden myynti.","publisher":{"@id":"https:\/\/terapalvelu.fi\/#organization"},"potentialAction":[{"@type":"SearchAction","target":{"@type":"EntryPoint","urlTemplate":"https:\/\/terapalvelu.fi\/?s={search_term_string}"},"query-input":{"@type":"PropertyValueSpecification","valueRequired":true,"valueName":"search_term_string"}}],"inLanguage":"en-GB"},{"@type":"Organization","@id":"https:\/\/terapalvelu.fi\/#organization","name":"Iisalmen Ter\u00e4palvelu","url":"https:\/\/terapalvelu.fi\/","logo":{"@type":"ImageObject","inLanguage":"en-GB","@id":"https:\/\/terapalvelu.fi\/#\/schema\/logo\/image\/","url":"https:\/\/i0.wp.com\/terapalvelu.fi\/wp-content\/uploads\/2022\/01\/logo.png?fit=241%2C105&ssl=1","contentUrl":"https:\/\/i0.wp.com\/terapalvelu.fi\/wp-content\/uploads\/2022\/01\/logo.png?fit=241%2C105&ssl=1","width":241,"height":105,"caption":"Iisalmen Ter\u00e4palvelu"},"image":{"@id":"https:\/\/terapalvelu.fi\/#\/schema\/logo\/image\/"}}]}},"jetpack_sharing_enabled":true,"jetpack_shortlink":"https:\/\/wp.me\/PdJvzf-fd","_links":{"self":[{"href":"https:\/\/terapalvelu.fi\/en\/wp-json\/wp\/v2\/pages\/943","targetHints":{"allow":["GET"]}}],"collection":[{"href":"https:\/\/terapalvelu.fi\/en\/wp-json\/wp\/v2\/pages"}],"about":[{"href":"https:\/\/terapalvelu.fi\/en\/wp-json\/wp\/v2\/types\/page"}],"author":[{"embeddable":true,"href":"https:\/\/terapalvelu.fi\/en\/wp-json\/wp\/v2\/users\/3"}],"replies":[{"embeddable":true,"href":"https:\/\/terapalvelu.fi\/en\/wp-json\/wp\/v2\/comments?post=943"}],"version-history":[{"count":16,"href":"https:\/\/terapalvelu.fi\/en\/wp-json\/wp\/v2\/pages\/943\/revisions"}],"predecessor-version":[{"id":1406,"href":"https:\/\/terapalvelu.fi\/en\/wp-json\/wp\/v2\/pages\/943\/revisions\/1406"}],"wp:attachment":[{"href":"https:\/\/terapalvelu.fi\/en\/wp-json\/wp\/v2\/media?parent=943"}],"curies":[{"name":"wp","href":"https:\/\/api.w.org\/{rel}","templated":true}]}}