{"id":1177,"date":"2022-02-19T19:14:05","date_gmt":"2022-02-19T17:14:05","guid":{"rendered":"https:\/\/dev.terapalvelu.fi\/?post_type=product&#038;p=1177"},"modified":"2026-04-18T11:47:52","modified_gmt":"2026-04-18T08:47:52","slug":"hiomanauha-deerfos-bora7-13x457-mm-p40","status":"publish","type":"product","link":"https:\/\/terapalvelu.fi\/en\/product\/hiomanauha-deerfos-bora7-13x457-mm-p40\/","title":{"rendered":"Sanding Belt Norton Viking R996 SG 13x457 mm P40"},"content":{"rendered":"<p>Machine sanding belt Norton Viking R996 SG with polyester back and ceramic grain for all metals. For the very efficient, light force and cool material removal. Especially suitable for the grinding of welding joints. <strong>5 pcs bundle.<\/strong><\/p>","protected":false},"excerpt":{"rendered":"<p>Very efficient and long lasting sanding belt for electric file for metals. Width 13 mm, length 457 mm, grit 40. Polyester belt with ceramic grain. <strong>5 pcs bundle.<\/strong><\/p>","protected":false},"featured_media":2459,"template":"","meta":{"_acf_changed":false,"jetpack_post_was_ever_published":false,"jetpack_publicize_message":"","jetpack_publicize_feature_enabled":true,"jetpack_social_post_already_shared":false,"jetpack_social_options":{"image_generator_settings":{"template":"highway","default_image_id":0,"font":"","enabled":false},"version":2}},"product_brand":[],"product_cat":[21,23],"product_tag":[50,46],"class_list":{"0":"post-1177","1":"product","2":"type-product","3":"status-publish","4":"has-post-thumbnail","6":"product_cat-hiomatarvikkeet","7":"product_cat-hiomametalli","8":"product_tag-konehiomanauha","9":"product_tag-metallihiomanauha","11":"first","12":"instock","13":"taxable","14":"shipping-taxable","15":"purchasable","16":"product-type-simple"},"acf":[],"yoast_head":"<!-- This site is optimized with the Yoast SEO plugin v27.4 - https:\/\/yoast.com\/product\/yoast-seo-wordpress\/ -->\n<title>Hiomanauha Norton Viking R996 SG 13x457 mm P40 - Iisalmen Ter\u00e4palvelu<\/title>\n<meta name=\"description\" content=\"Eritt\u00e4in tehokas ja pitk\u00e4kestoinen &quot;raspiroopen&quot; hiomanauha metallien hiontaan. Polyesterinauha keraamijyv\u00e4ll\u00e4.\" \/>\n<meta name=\"robots\" content=\"index, follow, max-snippet:-1, max-image-preview:large, max-video-preview:-1\" \/>\n<link rel=\"canonical\" href=\"https:\/\/terapalvelu.fi\/en\/product\/hiomanauha-deerfos-bora7-13x457-mm-p40\/\" \/>\n<meta property=\"og:locale\" content=\"en_GB\" \/>\n<meta property=\"og:type\" content=\"article\" \/>\n<meta property=\"og:title\" content=\"Hiomanauha Norton Viking R996 SG 13x457 mm P40 - Iisalmen Ter\u00e4palvelu\" \/>\n<meta property=\"og:description\" content=\"Eritt\u00e4in tehokas ja pitk\u00e4kestoinen &quot;raspiroopen&quot; hiomanauha metallien hiontaan. Polyesterinauha keraamijyv\u00e4ll\u00e4.\" \/>\n<meta property=\"og:url\" content=\"https:\/\/terapalvelu.fi\/en\/product\/hiomanauha-deerfos-bora7-13x457-mm-p40\/\" \/>\n<meta property=\"og:site_name\" content=\"Iisalmen Ter\u00e4palvelu\" \/>\n<meta property=\"article:modified_time\" content=\"2026-04-18T08:47:52+00:00\" \/>\n<meta property=\"og:image\" content=\"https:\/\/terapalvelu.fi\/wp-content\/uploads\/2022\/02\/NortonVikingR996.jpg\" \/>\n\t<meta property=\"og:image:width\" content=\"451\" \/>\n\t<meta property=\"og:image:height\" content=\"237\" \/>\n\t<meta property=\"og:image:type\" content=\"image\/jpeg\" \/>\n<meta name=\"twitter:card\" content=\"summary_large_image\" \/>\n<meta name=\"twitter:label1\" content=\"Estimated reading time\" \/>\n\t<meta name=\"twitter:data1\" content=\"1 minute\" \/>\n<script type=\"application\/ld+json\" class=\"yoast-schema-graph\">{\"@context\":\"https:\\\/\\\/schema.org\",\"@graph\":[{\"@type\":\"WebPage\",\"@id\":\"https:\\\/\\\/terapalvelu.fi\\\/tuote\\\/hiomanauha-deerfos-bora7-13x457-mm-p40\\\/\",\"url\":\"https:\\\/\\\/terapalvelu.fi\\\/tuote\\\/hiomanauha-deerfos-bora7-13x457-mm-p40\\\/\",\"name\":\"Hiomanauha Norton Viking R996 SG 13x457 mm P40 - Iisalmen Ter\u00e4palvelu\",\"isPartOf\":{\"@id\":\"https:\\\/\\\/terapalvelu.fi\\\/#website\"},\"primaryImageOfPage\":{\"@id\":\"https:\\\/\\\/terapalvelu.fi\\\/tuote\\\/hiomanauha-deerfos-bora7-13x457-mm-p40\\\/#primaryimage\"},\"image\":{\"@id\":\"https:\\\/\\\/terapalvelu.fi\\\/tuote\\\/hiomanauha-deerfos-bora7-13x457-mm-p40\\\/#primaryimage\"},\"thumbnailUrl\":\"https:\\\/\\\/i0.wp.com\\\/terapalvelu.fi\\\/wp-content\\\/uploads\\\/2022\\\/02\\\/NortonVikingR996.jpg?fit=451%2C237&ssl=1\",\"datePublished\":\"2022-02-19T17:14:05+00:00\",\"dateModified\":\"2026-04-18T08:47:52+00:00\",\"description\":\"Eritt\u00e4in tehokas ja pitk\u00e4kestoinen \\\"raspiroopen\\\" hiomanauha metallien hiontaan. Polyesterinauha keraamijyv\u00e4ll\u00e4.\",\"breadcrumb\":{\"@id\":\"https:\\\/\\\/terapalvelu.fi\\\/tuote\\\/hiomanauha-deerfos-bora7-13x457-mm-p40\\\/#breadcrumb\"},\"inLanguage\":\"en-GB\",\"potentialAction\":[{\"@type\":\"ReadAction\",\"target\":[\"https:\\\/\\\/terapalvelu.fi\\\/tuote\\\/hiomanauha-deerfos-bora7-13x457-mm-p40\\\/\"]}]},{\"@type\":\"ImageObject\",\"inLanguage\":\"en-GB\",\"@id\":\"https:\\\/\\\/terapalvelu.fi\\\/tuote\\\/hiomanauha-deerfos-bora7-13x457-mm-p40\\\/#primaryimage\",\"url\":\"https:\\\/\\\/i0.wp.com\\\/terapalvelu.fi\\\/wp-content\\\/uploads\\\/2022\\\/02\\\/NortonVikingR996.jpg?fit=451%2C237&ssl=1\",\"contentUrl\":\"https:\\\/\\\/i0.wp.com\\\/terapalvelu.fi\\\/wp-content\\\/uploads\\\/2022\\\/02\\\/NortonVikingR996.jpg?fit=451%2C237&ssl=1\",\"width\":451,\"height\":237},{\"@type\":\"BreadcrumbList\",\"@id\":\"https:\\\/\\\/terapalvelu.fi\\\/tuote\\\/hiomanauha-deerfos-bora7-13x457-mm-p40\\\/#breadcrumb\",\"itemListElement\":[{\"@type\":\"ListItem\",\"position\":1,\"name\":\"Etusivu\",\"item\":\"https:\\\/\\\/terapalvelu.fi\\\/\"},{\"@type\":\"ListItem\",\"position\":2,\"name\":\"Vannesahanter\u00e4t, ty\u00f6st\u00f6ter\u00e4t, hiomatarvikkeet\",\"item\":\"https:\\\/\\\/terapalvelu.fi\\\/kauppa\\\/\"},{\"@type\":\"ListItem\",\"position\":3,\"name\":\"Hiomanauha Norton Viking R996 SG 13&#215;457 mm P40\"}]},{\"@type\":\"WebSite\",\"@id\":\"https:\\\/\\\/terapalvelu.fi\\\/#website\",\"url\":\"https:\\\/\\\/terapalvelu.fi\\\/\",\"name\":\"Iisalmen Ter\u00e4palvelu\",\"description\":\"Vannesahanterien maahantuonti ja valmistus. Terien, ty\u00f6kalujen ja koneiden myynti.\",\"publisher\":{\"@id\":\"https:\\\/\\\/terapalvelu.fi\\\/#organization\"},\"potentialAction\":[{\"@type\":\"SearchAction\",\"target\":{\"@type\":\"EntryPoint\",\"urlTemplate\":\"https:\\\/\\\/terapalvelu.fi\\\/?s={search_term_string}\"},\"query-input\":{\"@type\":\"PropertyValueSpecification\",\"valueRequired\":true,\"valueName\":\"search_term_string\"}}],\"inLanguage\":\"en-GB\"},{\"@type\":\"Organization\",\"@id\":\"https:\\\/\\\/terapalvelu.fi\\\/#organization\",\"name\":\"Iisalmen Ter\u00e4palvelu\",\"url\":\"https:\\\/\\\/terapalvelu.fi\\\/\",\"logo\":{\"@type\":\"ImageObject\",\"inLanguage\":\"en-GB\",\"@id\":\"https:\\\/\\\/terapalvelu.fi\\\/#\\\/schema\\\/logo\\\/image\\\/\",\"url\":\"https:\\\/\\\/i0.wp.com\\\/terapalvelu.fi\\\/wp-content\\\/uploads\\\/2022\\\/01\\\/logo.png?fit=241%2C105&ssl=1\",\"contentUrl\":\"https:\\\/\\\/i0.wp.com\\\/terapalvelu.fi\\\/wp-content\\\/uploads\\\/2022\\\/01\\\/logo.png?fit=241%2C105&ssl=1\",\"width\":241,\"height\":105,\"caption\":\"Iisalmen Ter\u00e4palvelu\"},\"image\":{\"@id\":\"https:\\\/\\\/terapalvelu.fi\\\/#\\\/schema\\\/logo\\\/image\\\/\"}}]}<\/script>\n<!-- \/ Yoast SEO plugin. -->","yoast_head_json":{"title":"Hiomanauha Norton Viking R996 SG 13x457 mm P40 - Iisalmen Ter\u00e4palvelu","description":"Eritt\u00e4in tehokas ja pitk\u00e4kestoinen \"raspiroopen\" hiomanauha metallien hiontaan. Polyesterinauha keraamijyv\u00e4ll\u00e4.","robots":{"index":"index","follow":"follow","max-snippet":"max-snippet:-1","max-image-preview":"max-image-preview:large","max-video-preview":"max-video-preview:-1"},"canonical":"https:\/\/terapalvelu.fi\/en\/product\/hiomanauha-deerfos-bora7-13x457-mm-p40\/","og_locale":"en_GB","og_type":"article","og_title":"Hiomanauha Norton Viking R996 SG 13x457 mm P40 - Iisalmen Ter\u00e4palvelu","og_description":"Eritt\u00e4in tehokas ja pitk\u00e4kestoinen \"raspiroopen\" hiomanauha metallien hiontaan. Polyesterinauha keraamijyv\u00e4ll\u00e4.","og_url":"https:\/\/terapalvelu.fi\/en\/product\/hiomanauha-deerfos-bora7-13x457-mm-p40\/","og_site_name":"Iisalmen Ter\u00e4palvelu","article_modified_time":"2026-04-18T08:47:52+00:00","og_image":[{"width":451,"height":237,"url":"https:\/\/terapalvelu.fi\/wp-content\/uploads\/2022\/02\/NortonVikingR996.jpg","type":"image\/jpeg"}],"twitter_card":"summary_large_image","twitter_misc":{"Estimated reading time":"1 minute"},"schema":{"@context":"https:\/\/schema.org","@graph":[{"@type":"WebPage","@id":"https:\/\/terapalvelu.fi\/tuote\/hiomanauha-deerfos-bora7-13x457-mm-p40\/","url":"https:\/\/terapalvelu.fi\/tuote\/hiomanauha-deerfos-bora7-13x457-mm-p40\/","name":"Hiomanauha Norton Viking R996 SG 13x457 mm P40 - Iisalmen Ter\u00e4palvelu","isPartOf":{"@id":"https:\/\/terapalvelu.fi\/#website"},"primaryImageOfPage":{"@id":"https:\/\/terapalvelu.fi\/tuote\/hiomanauha-deerfos-bora7-13x457-mm-p40\/#primaryimage"},"image":{"@id":"https:\/\/terapalvelu.fi\/tuote\/hiomanauha-deerfos-bora7-13x457-mm-p40\/#primaryimage"},"thumbnailUrl":"https:\/\/i0.wp.com\/terapalvelu.fi\/wp-content\/uploads\/2022\/02\/NortonVikingR996.jpg?fit=451%2C237&ssl=1","datePublished":"2022-02-19T17:14:05+00:00","dateModified":"2026-04-18T08:47:52+00:00","description":"Eritt\u00e4in tehokas ja pitk\u00e4kestoinen \"raspiroopen\" hiomanauha metallien hiontaan. Polyesterinauha keraamijyv\u00e4ll\u00e4.","breadcrumb":{"@id":"https:\/\/terapalvelu.fi\/tuote\/hiomanauha-deerfos-bora7-13x457-mm-p40\/#breadcrumb"},"inLanguage":"en-GB","potentialAction":[{"@type":"ReadAction","target":["https:\/\/terapalvelu.fi\/tuote\/hiomanauha-deerfos-bora7-13x457-mm-p40\/"]}]},{"@type":"ImageObject","inLanguage":"en-GB","@id":"https:\/\/terapalvelu.fi\/tuote\/hiomanauha-deerfos-bora7-13x457-mm-p40\/#primaryimage","url":"https:\/\/i0.wp.com\/terapalvelu.fi\/wp-content\/uploads\/2022\/02\/NortonVikingR996.jpg?fit=451%2C237&ssl=1","contentUrl":"https:\/\/i0.wp.com\/terapalvelu.fi\/wp-content\/uploads\/2022\/02\/NortonVikingR996.jpg?fit=451%2C237&ssl=1","width":451,"height":237},{"@type":"BreadcrumbList","@id":"https:\/\/terapalvelu.fi\/tuote\/hiomanauha-deerfos-bora7-13x457-mm-p40\/#breadcrumb","itemListElement":[{"@type":"ListItem","position":1,"name":"Etusivu","item":"https:\/\/terapalvelu.fi\/"},{"@type":"ListItem","position":2,"name":"Vannesahanter\u00e4t, ty\u00f6st\u00f6ter\u00e4t, hiomatarvikkeet","item":"https:\/\/terapalvelu.fi\/kauppa\/"},{"@type":"ListItem","position":3,"name":"Hiomanauha Norton Viking R996 SG 13&#215;457 mm P40"}]},{"@type":"WebSite","@id":"https:\/\/terapalvelu.fi\/#website","url":"https:\/\/terapalvelu.fi\/","name":"Iisalmen Ter\u00e4palvelu","description":"Vannesahanterien maahantuonti ja valmistus. Terien, ty\u00f6kalujen ja koneiden myynti.","publisher":{"@id":"https:\/\/terapalvelu.fi\/#organization"},"potentialAction":[{"@type":"SearchAction","target":{"@type":"EntryPoint","urlTemplate":"https:\/\/terapalvelu.fi\/?s={search_term_string}"},"query-input":{"@type":"PropertyValueSpecification","valueRequired":true,"valueName":"search_term_string"}}],"inLanguage":"en-GB"},{"@type":"Organization","@id":"https:\/\/terapalvelu.fi\/#organization","name":"Iisalmen Ter\u00e4palvelu","url":"https:\/\/terapalvelu.fi\/","logo":{"@type":"ImageObject","inLanguage":"en-GB","@id":"https:\/\/terapalvelu.fi\/#\/schema\/logo\/image\/","url":"https:\/\/i0.wp.com\/terapalvelu.fi\/wp-content\/uploads\/2022\/01\/logo.png?fit=241%2C105&ssl=1","contentUrl":"https:\/\/i0.wp.com\/terapalvelu.fi\/wp-content\/uploads\/2022\/01\/logo.png?fit=241%2C105&ssl=1","width":241,"height":105,"caption":"Iisalmen Ter\u00e4palvelu"},"image":{"@id":"https:\/\/terapalvelu.fi\/#\/schema\/logo\/image\/"}}]}},"jetpack_publicize_connections":[],"jetpack_sharing_enabled":true,"_links":{"self":[{"href":"https:\/\/terapalvelu.fi\/en\/wp-json\/wp\/v2\/product\/1177","targetHints":{"allow":["GET"]}}],"collection":[{"href":"https:\/\/terapalvelu.fi\/en\/wp-json\/wp\/v2\/product"}],"about":[{"href":"https:\/\/terapalvelu.fi\/en\/wp-json\/wp\/v2\/types\/product"}],"wp:featuredmedia":[{"embeddable":true,"href":"https:\/\/terapalvelu.fi\/en\/wp-json\/wp\/v2\/media\/2459"}],"wp:attachment":[{"href":"https:\/\/terapalvelu.fi\/en\/wp-json\/wp\/v2\/media?parent=1177"}],"wp:term":[{"taxonomy":"product_brand","embeddable":true,"href":"https:\/\/terapalvelu.fi\/en\/wp-json\/wp\/v2\/product_brand?post=1177"},{"taxonomy":"product_cat","embeddable":true,"href":"https:\/\/terapalvelu.fi\/en\/wp-json\/wp\/v2\/product_cat?post=1177"},{"taxonomy":"product_tag","embeddable":true,"href":"https:\/\/terapalvelu.fi\/en\/wp-json\/wp\/v2\/product_tag?post=1177"}],"curies":[{"name":"wp","href":"https:\/\/api.w.org\/{rel}","templated":true}]}}