{"id":1671,"date":"2022-11-15T13:16:18","date_gmt":"2022-11-15T11:16:18","guid":{"rendered":"https:\/\/terapalvelu.fi\/?post_type=product&#038;p=1671"},"modified":"2026-04-03T10:28:41","modified_gmt":"2026-04-03T07:28:41","slug":"vannesahantera-bimetal-m51-34x11-mm","status":"publish","type":"product","link":"https:\/\/terapalvelu.fi\/en\/product\/vannesahantera-bimetal-m51-34x11-mm\/","title":{"rendered":"Bandsaw Blade Bimetal M51 34\u00d71,1 mm"},"content":{"rendered":"<p>Metallivannesahanter\u00e4 Bimetal M51. Leveys 34 mm, vahvuus 1,1 mm. Kovempien metallien kuten ruostumattoman ter\u00e4ksen, korkeaseoksisten ter\u00e4sten tai titaani- ja nikkeliseosten sahaamiseen.<\/p>\n<p>Korkealaatuinen Englantilainen Dakin-Flathers Saw37B M51 Cobalt bi-metalliter\u00e4 omalla takuuliitoksellamme. Soveltuu monipuoliseen metallien sahaukseen \u226449HRC.<\/p>","protected":false},"excerpt":{"rendered":"<p>Metal cutting Bandsaw Blade Bimetal M51. Width 34 mm, thickness 1,1 mm.<\/p>\n<p>Buy more of the same blade and save!<\/p>\n<ul>\n<li>2 pcs: -5 %<\/li>\n<li>5 pcs: -10 %<\/li>\n<li>10 pcs: -15 %<\/li>\n<li>20 pcs: -20 %<\/li>\n<\/ul>\n<p>The discount will appear in the shopping cart after adding the products.<\/p>\n<p>Select teeth per inch (tpi) and enter the blade length.<\/p>","protected":false},"featured_media":134,"template":"","meta":{"_acf_changed":false,"jetpack_post_was_ever_published":false,"jetpack_publicize_message":"","jetpack_publicize_feature_enabled":true,"jetpack_social_post_already_shared":true,"jetpack_social_options":{"image_generator_settings":{"template":"highway","default_image_id":0,"font":"","enabled":false},"version":2}},"product_brand":[],"product_cat":[19,16],"product_tag":[31,89,30,33,27],"class_list":{"0":"post-1671","1":"product","2":"type-product","3":"status-publish","4":"has-post-thumbnail","6":"product_cat-metalli-tera","7":"product_cat-yleinen","8":"product_tag-bimetal","9":"product_tag-m51","10":"product_tag-metallisahantera","11":"product_tag-metallitera","12":"product_tag-vannesahantera","14":"first","15":"instock","16":"taxable","17":"shipping-taxable","18":"purchasable","19":"product-type-variable","20":"has-default-attributes"},"acf":[],"yoast_head":"<!-- This site is optimized with the Yoast SEO plugin v27.4 - https:\/\/yoast.com\/product\/yoast-seo-wordpress\/ -->\n<title>Vannesahanter\u00e4 Bimetal M51 34x1,1 mm - Iisalmen Ter\u00e4palvelu<\/title>\n<meta name=\"description\" content=\"Metallivannesahanter\u00e4 Bimetal M51. Kovempien metallien kuten ruostumattoman ter\u00e4ksen, korkeaseoksisten ter\u00e4sten tai titaani- ja nikkeliseosten sahaamiseen.\" \/>\n<meta name=\"robots\" content=\"index, follow, max-snippet:-1, max-image-preview:large, max-video-preview:-1\" \/>\n<link rel=\"canonical\" href=\"https:\/\/terapalvelu.fi\/en\/product\/vannesahantera-bimetal-m51-34x11-mm\/\" \/>\n<meta property=\"og:locale\" content=\"en_GB\" \/>\n<meta property=\"og:type\" content=\"article\" \/>\n<meta property=\"og:title\" content=\"Vannesahanter\u00e4 Bimetal M51 34x1,1 mm - Iisalmen Ter\u00e4palvelu\" \/>\n<meta property=\"og:description\" content=\"Metallivannesahanter\u00e4 Bimetal M51. Kovempien metallien kuten ruostumattoman ter\u00e4ksen, korkeaseoksisten ter\u00e4sten tai titaani- ja nikkeliseosten sahaamiseen.\" \/>\n<meta property=\"og:url\" content=\"https:\/\/terapalvelu.fi\/en\/product\/vannesahantera-bimetal-m51-34x11-mm\/\" \/>\n<meta property=\"og:site_name\" content=\"Iisalmen Ter\u00e4palvelu\" \/>\n<meta property=\"article:modified_time\" content=\"2026-04-03T07:28:41+00:00\" \/>\n<meta property=\"og:image\" content=\"https:\/\/terapalvelu.fi\/wp-content\/uploads\/2019\/12\/bimetal_bandsaw_blades.jpg\" \/>\n\t<meta property=\"og:image:width\" content=\"855\" \/>\n\t<meta property=\"og:image:height\" content=\"606\" \/>\n\t<meta property=\"og:image:type\" content=\"image\/jpeg\" \/>\n<meta name=\"twitter:card\" content=\"summary_large_image\" \/>\n<meta name=\"twitter:label1\" content=\"Estimated reading time\" \/>\n\t<meta name=\"twitter:data1\" content=\"1 minute\" \/>\n<script type=\"application\/ld+json\" class=\"yoast-schema-graph\">{\"@context\":\"https:\\\/\\\/schema.org\",\"@graph\":[{\"@type\":\"WebPage\",\"@id\":\"https:\\\/\\\/terapalvelu.fi\\\/tuote\\\/vannesahantera-bimetal-m51-34x11-mm\\\/\",\"url\":\"https:\\\/\\\/terapalvelu.fi\\\/tuote\\\/vannesahantera-bimetal-m51-34x11-mm\\\/\",\"name\":\"Vannesahanter\u00e4 Bimetal M51 34x1,1 mm - Iisalmen Ter\u00e4palvelu\",\"isPartOf\":{\"@id\":\"https:\\\/\\\/terapalvelu.fi\\\/#website\"},\"primaryImageOfPage\":{\"@id\":\"https:\\\/\\\/terapalvelu.fi\\\/tuote\\\/vannesahantera-bimetal-m51-34x11-mm\\\/#primaryimage\"},\"image\":{\"@id\":\"https:\\\/\\\/terapalvelu.fi\\\/tuote\\\/vannesahantera-bimetal-m51-34x11-mm\\\/#primaryimage\"},\"thumbnailUrl\":\"https:\\\/\\\/i0.wp.com\\\/terapalvelu.fi\\\/wp-content\\\/uploads\\\/2019\\\/12\\\/bimetal_bandsaw_blades.jpg?fit=855%2C606&ssl=1\",\"datePublished\":\"2022-11-15T11:16:18+00:00\",\"dateModified\":\"2026-04-03T07:28:41+00:00\",\"description\":\"Metallivannesahanter\u00e4 Bimetal M51. Kovempien metallien kuten ruostumattoman ter\u00e4ksen, korkeaseoksisten ter\u00e4sten tai titaani- ja nikkeliseosten sahaamiseen.\",\"breadcrumb\":{\"@id\":\"https:\\\/\\\/terapalvelu.fi\\\/tuote\\\/vannesahantera-bimetal-m51-34x11-mm\\\/#breadcrumb\"},\"inLanguage\":\"en-GB\",\"potentialAction\":[{\"@type\":\"ReadAction\",\"target\":[\"https:\\\/\\\/terapalvelu.fi\\\/tuote\\\/vannesahantera-bimetal-m51-34x11-mm\\\/\"]}]},{\"@type\":\"ImageObject\",\"inLanguage\":\"en-GB\",\"@id\":\"https:\\\/\\\/terapalvelu.fi\\\/tuote\\\/vannesahantera-bimetal-m51-34x11-mm\\\/#primaryimage\",\"url\":\"https:\\\/\\\/i0.wp.com\\\/terapalvelu.fi\\\/wp-content\\\/uploads\\\/2019\\\/12\\\/bimetal_bandsaw_blades.jpg?fit=855%2C606&ssl=1\",\"contentUrl\":\"https:\\\/\\\/i0.wp.com\\\/terapalvelu.fi\\\/wp-content\\\/uploads\\\/2019\\\/12\\\/bimetal_bandsaw_blades.jpg?fit=855%2C606&ssl=1\",\"width\":855,\"height\":606},{\"@type\":\"BreadcrumbList\",\"@id\":\"https:\\\/\\\/terapalvelu.fi\\\/tuote\\\/vannesahantera-bimetal-m51-34x11-mm\\\/#breadcrumb\",\"itemListElement\":[{\"@type\":\"ListItem\",\"position\":1,\"name\":\"Etusivu\",\"item\":\"https:\\\/\\\/terapalvelu.fi\\\/\"},{\"@type\":\"ListItem\",\"position\":2,\"name\":\"Vannesahanter\u00e4t, ty\u00f6st\u00f6ter\u00e4t, hiomatarvikkeet\",\"item\":\"https:\\\/\\\/terapalvelu.fi\\\/kauppa\\\/\"},{\"@type\":\"ListItem\",\"position\":3,\"name\":\"Vannesahanter\u00e4 Bimetal M51 34&#215;1,1 mm\"}]},{\"@type\":\"WebSite\",\"@id\":\"https:\\\/\\\/terapalvelu.fi\\\/#website\",\"url\":\"https:\\\/\\\/terapalvelu.fi\\\/\",\"name\":\"Iisalmen Ter\u00e4palvelu\",\"description\":\"Vannesahanterien maahantuonti ja valmistus. Terien, ty\u00f6kalujen ja koneiden myynti.\",\"publisher\":{\"@id\":\"https:\\\/\\\/terapalvelu.fi\\\/#organization\"},\"potentialAction\":[{\"@type\":\"SearchAction\",\"target\":{\"@type\":\"EntryPoint\",\"urlTemplate\":\"https:\\\/\\\/terapalvelu.fi\\\/?s={search_term_string}\"},\"query-input\":{\"@type\":\"PropertyValueSpecification\",\"valueRequired\":true,\"valueName\":\"search_term_string\"}}],\"inLanguage\":\"en-GB\"},{\"@type\":\"Organization\",\"@id\":\"https:\\\/\\\/terapalvelu.fi\\\/#organization\",\"name\":\"Iisalmen Ter\u00e4palvelu\",\"url\":\"https:\\\/\\\/terapalvelu.fi\\\/\",\"logo\":{\"@type\":\"ImageObject\",\"inLanguage\":\"en-GB\",\"@id\":\"https:\\\/\\\/terapalvelu.fi\\\/#\\\/schema\\\/logo\\\/image\\\/\",\"url\":\"https:\\\/\\\/i0.wp.com\\\/terapalvelu.fi\\\/wp-content\\\/uploads\\\/2022\\\/01\\\/logo.png?fit=241%2C105&ssl=1\",\"contentUrl\":\"https:\\\/\\\/i0.wp.com\\\/terapalvelu.fi\\\/wp-content\\\/uploads\\\/2022\\\/01\\\/logo.png?fit=241%2C105&ssl=1\",\"width\":241,\"height\":105,\"caption\":\"Iisalmen Ter\u00e4palvelu\"},\"image\":{\"@id\":\"https:\\\/\\\/terapalvelu.fi\\\/#\\\/schema\\\/logo\\\/image\\\/\"}}]}<\/script>\n<!-- \/ Yoast SEO plugin. -->","yoast_head_json":{"title":"Vannesahanter\u00e4 Bimetal M51 34x1,1 mm - Iisalmen Ter\u00e4palvelu","description":"Metallivannesahanter\u00e4 Bimetal M51. Kovempien metallien kuten ruostumattoman ter\u00e4ksen, korkeaseoksisten ter\u00e4sten tai titaani- ja nikkeliseosten sahaamiseen.","robots":{"index":"index","follow":"follow","max-snippet":"max-snippet:-1","max-image-preview":"max-image-preview:large","max-video-preview":"max-video-preview:-1"},"canonical":"https:\/\/terapalvelu.fi\/en\/product\/vannesahantera-bimetal-m51-34x11-mm\/","og_locale":"en_GB","og_type":"article","og_title":"Vannesahanter\u00e4 Bimetal M51 34x1,1 mm - Iisalmen Ter\u00e4palvelu","og_description":"Metallivannesahanter\u00e4 Bimetal M51. Kovempien metallien kuten ruostumattoman ter\u00e4ksen, korkeaseoksisten ter\u00e4sten tai titaani- ja nikkeliseosten sahaamiseen.","og_url":"https:\/\/terapalvelu.fi\/en\/product\/vannesahantera-bimetal-m51-34x11-mm\/","og_site_name":"Iisalmen Ter\u00e4palvelu","article_modified_time":"2026-04-03T07:28:41+00:00","og_image":[{"width":855,"height":606,"url":"https:\/\/terapalvelu.fi\/wp-content\/uploads\/2019\/12\/bimetal_bandsaw_blades.jpg","type":"image\/jpeg"}],"twitter_card":"summary_large_image","twitter_misc":{"Estimated reading time":"1 minute"},"schema":{"@context":"https:\/\/schema.org","@graph":[{"@type":"WebPage","@id":"https:\/\/terapalvelu.fi\/tuote\/vannesahantera-bimetal-m51-34x11-mm\/","url":"https:\/\/terapalvelu.fi\/tuote\/vannesahantera-bimetal-m51-34x11-mm\/","name":"Vannesahanter\u00e4 Bimetal M51 34x1,1 mm - Iisalmen Ter\u00e4palvelu","isPartOf":{"@id":"https:\/\/terapalvelu.fi\/#website"},"primaryImageOfPage":{"@id":"https:\/\/terapalvelu.fi\/tuote\/vannesahantera-bimetal-m51-34x11-mm\/#primaryimage"},"image":{"@id":"https:\/\/terapalvelu.fi\/tuote\/vannesahantera-bimetal-m51-34x11-mm\/#primaryimage"},"thumbnailUrl":"https:\/\/i0.wp.com\/terapalvelu.fi\/wp-content\/uploads\/2019\/12\/bimetal_bandsaw_blades.jpg?fit=855%2C606&ssl=1","datePublished":"2022-11-15T11:16:18+00:00","dateModified":"2026-04-03T07:28:41+00:00","description":"Metallivannesahanter\u00e4 Bimetal M51. Kovempien metallien kuten ruostumattoman ter\u00e4ksen, korkeaseoksisten ter\u00e4sten tai titaani- ja nikkeliseosten sahaamiseen.","breadcrumb":{"@id":"https:\/\/terapalvelu.fi\/tuote\/vannesahantera-bimetal-m51-34x11-mm\/#breadcrumb"},"inLanguage":"en-GB","potentialAction":[{"@type":"ReadAction","target":["https:\/\/terapalvelu.fi\/tuote\/vannesahantera-bimetal-m51-34x11-mm\/"]}]},{"@type":"ImageObject","inLanguage":"en-GB","@id":"https:\/\/terapalvelu.fi\/tuote\/vannesahantera-bimetal-m51-34x11-mm\/#primaryimage","url":"https:\/\/i0.wp.com\/terapalvelu.fi\/wp-content\/uploads\/2019\/12\/bimetal_bandsaw_blades.jpg?fit=855%2C606&ssl=1","contentUrl":"https:\/\/i0.wp.com\/terapalvelu.fi\/wp-content\/uploads\/2019\/12\/bimetal_bandsaw_blades.jpg?fit=855%2C606&ssl=1","width":855,"height":606},{"@type":"BreadcrumbList","@id":"https:\/\/terapalvelu.fi\/tuote\/vannesahantera-bimetal-m51-34x11-mm\/#breadcrumb","itemListElement":[{"@type":"ListItem","position":1,"name":"Etusivu","item":"https:\/\/terapalvelu.fi\/"},{"@type":"ListItem","position":2,"name":"Vannesahanter\u00e4t, ty\u00f6st\u00f6ter\u00e4t, hiomatarvikkeet","item":"https:\/\/terapalvelu.fi\/kauppa\/"},{"@type":"ListItem","position":3,"name":"Vannesahanter\u00e4 Bimetal M51 34&#215;1,1 mm"}]},{"@type":"WebSite","@id":"https:\/\/terapalvelu.fi\/#website","url":"https:\/\/terapalvelu.fi\/","name":"Iisalmen Ter\u00e4palvelu","description":"Vannesahanterien maahantuonti ja valmistus. Terien, ty\u00f6kalujen ja koneiden myynti.","publisher":{"@id":"https:\/\/terapalvelu.fi\/#organization"},"potentialAction":[{"@type":"SearchAction","target":{"@type":"EntryPoint","urlTemplate":"https:\/\/terapalvelu.fi\/?s={search_term_string}"},"query-input":{"@type":"PropertyValueSpecification","valueRequired":true,"valueName":"search_term_string"}}],"inLanguage":"en-GB"},{"@type":"Organization","@id":"https:\/\/terapalvelu.fi\/#organization","name":"Iisalmen Ter\u00e4palvelu","url":"https:\/\/terapalvelu.fi\/","logo":{"@type":"ImageObject","inLanguage":"en-GB","@id":"https:\/\/terapalvelu.fi\/#\/schema\/logo\/image\/","url":"https:\/\/i0.wp.com\/terapalvelu.fi\/wp-content\/uploads\/2022\/01\/logo.png?fit=241%2C105&ssl=1","contentUrl":"https:\/\/i0.wp.com\/terapalvelu.fi\/wp-content\/uploads\/2022\/01\/logo.png?fit=241%2C105&ssl=1","width":241,"height":105,"caption":"Iisalmen Ter\u00e4palvelu"},"image":{"@id":"https:\/\/terapalvelu.fi\/#\/schema\/logo\/image\/"}}]}},"jetpack_publicize_connections":[],"jetpack_sharing_enabled":true,"_links":{"self":[{"href":"https:\/\/terapalvelu.fi\/en\/wp-json\/wp\/v2\/product\/1671","targetHints":{"allow":["GET"]}}],"collection":[{"href":"https:\/\/terapalvelu.fi\/en\/wp-json\/wp\/v2\/product"}],"about":[{"href":"https:\/\/terapalvelu.fi\/en\/wp-json\/wp\/v2\/types\/product"}],"wp:featuredmedia":[{"embeddable":true,"href":"https:\/\/terapalvelu.fi\/en\/wp-json\/wp\/v2\/media\/134"}],"wp:attachment":[{"href":"https:\/\/terapalvelu.fi\/en\/wp-json\/wp\/v2\/media?parent=1671"}],"wp:term":[{"taxonomy":"product_brand","embeddable":true,"href":"https:\/\/terapalvelu.fi\/en\/wp-json\/wp\/v2\/product_brand?post=1671"},{"taxonomy":"product_cat","embeddable":true,"href":"https:\/\/terapalvelu.fi\/en\/wp-json\/wp\/v2\/product_cat?post=1671"},{"taxonomy":"product_tag","embeddable":true,"href":"https:\/\/terapalvelu.fi\/en\/wp-json\/wp\/v2\/product_tag?post=1671"}],"curies":[{"name":"wp","href":"https:\/\/api.w.org\/{rel}","templated":true}]}}