{"id":171,"date":"2019-12-27T20:44:39","date_gmt":"2019-12-27T18:44:39","guid":{"rendered":"http:\/\/terapiapalvelu.fi\/?post_type=product&#038;p=171"},"modified":"2024-12-27T10:28:34","modified_gmt":"2024-12-27T08:28:34","slug":"lihasahantera-19x055-mm","status":"publish","type":"product","link":"https:\/\/terapalvelu.fi\/en\/product\/lihasahantera-19x055-mm\/","title":{"rendered":"Meat Saw Blade 19\u00d70,55 mm"},"content":{"rendered":"<p>Bright hard tooth bandsaw blade for meat saws.  Width 19 mm, thickness 0,55 mm, 4 teeth per inch. Suitable to cut meat and fish with bones. Also suitable for wood and plastics etc. Very high quality English Dakin-Flathers Freshcut37 blade with our own warranty welding.<\/p>","protected":false},"excerpt":{"rendered":"<p>Meat saw blade. Width 19 mm, thickness 0,55 mm, 4 teeth per inch.<\/p>\n<p>Buy more of the same blade and save!<\/p>\n<ul>\n<li>2 pcs: -5 %<\/li>\n<li>5 pcs: -10 %<\/li>\n<li>10 pcs: -15 %<\/li>\n<li>20 pcs: -20 %<\/li>\n<\/ul>\n<p>The discount will appear in the shopping cart after adding the products.<\/p>","protected":false},"featured_media":169,"template":"","meta":{"_acf_changed":false,"jetpack_post_was_ever_published":false,"jetpack_publicize_message":"","jetpack_publicize_feature_enabled":true,"jetpack_social_post_already_shared":true,"jetpack_social_options":{"image_generator_settings":{"template":"highway","default_image_id":0,"font":"","enabled":false},"version":2}},"product_brand":[],"product_cat":[24,17,16],"product_tag":[34,35],"class_list":{"0":"post-171","1":"product","2":"type-product","3":"status-publish","4":"has-post-thumbnail","6":"product_cat-elintarvike","7":"product_cat-puu-muovi","8":"product_cat-yleinen","9":"product_tag-lihasahantera","10":"product_tag-luusahantera","12":"first","13":"instock","14":"taxable","15":"shipping-taxable","16":"purchasable","17":"product-type-simple"},"acf":[],"yoast_head":"<!-- This site is optimized with the Yoast SEO plugin v27.1.1 - https:\/\/yoast.com\/product\/yoast-seo-wordpress\/ -->\n<title>Lihasahanter\u00e4 19x0,55 mm - Iisalmen Ter\u00e4palvelu<\/title>\n<meta name=\"robots\" content=\"index, follow, max-snippet:-1, max-image-preview:large, max-video-preview:-1\" \/>\n<link rel=\"canonical\" href=\"https:\/\/terapalvelu.fi\/en\/product\/lihasahantera-19x055-mm\/\" \/>\n<meta property=\"og:locale\" content=\"en_GB\" \/>\n<meta property=\"og:type\" content=\"article\" \/>\n<meta property=\"og:title\" content=\"Lihasahanter\u00e4 19x0,55 mm - Iisalmen Ter\u00e4palvelu\" \/>\n<meta property=\"og:description\" content=\"Lihasahanter\u00e4. Leveys 19 mm, vahvuus 0,55 mm, hammasluku 4 hammasta\/tuuma.  Osta enemm\u00e4n samaa ter\u00e4\u00e4 ja s\u00e4\u00e4st\u00e4!   2 kpl: -5 %  5 kpl: -10 %  10 kpl: -15 %  20 kpl: -20 %  Alennus n\u00e4kyy tuotteiden lis\u00e4\u00e4misen j\u00e4lkeen ostoskorissa.\" \/>\n<meta property=\"og:url\" content=\"https:\/\/terapalvelu.fi\/en\/product\/lihasahantera-19x055-mm\/\" \/>\n<meta property=\"og:site_name\" content=\"Iisalmen Ter\u00e4palvelu\" \/>\n<meta property=\"article:modified_time\" content=\"2024-12-27T08:28:34+00:00\" \/>\n<meta property=\"og:image\" content=\"https:\/\/terapalvelu.fi\/wp-content\/uploads\/2019\/12\/meatsawblade.jpg\" \/>\n\t<meta property=\"og:image:width\" content=\"880\" \/>\n\t<meta property=\"og:image:height\" content=\"584\" \/>\n\t<meta property=\"og:image:type\" content=\"image\/jpeg\" \/>\n<meta name=\"twitter:card\" content=\"summary_large_image\" \/>\n<meta name=\"twitter:label1\" content=\"Estimated reading time\" \/>\n\t<meta name=\"twitter:data1\" content=\"1 minute\" \/>\n<script type=\"application\/ld+json\" class=\"yoast-schema-graph\">{\"@context\":\"https:\/\/schema.org\",\"@graph\":[{\"@type\":\"WebPage\",\"@id\":\"https:\/\/terapalvelu.fi\/tuote\/lihasahantera-19x055-mm\/\",\"url\":\"https:\/\/terapalvelu.fi\/tuote\/lihasahantera-19x055-mm\/\",\"name\":\"Lihasahanter\u00e4 19x0,55 mm - Iisalmen Ter\u00e4palvelu\",\"isPartOf\":{\"@id\":\"https:\/\/terapalvelu.fi\/#website\"},\"primaryImageOfPage\":{\"@id\":\"https:\/\/terapalvelu.fi\/tuote\/lihasahantera-19x055-mm\/#primaryimage\"},\"image\":{\"@id\":\"https:\/\/terapalvelu.fi\/tuote\/lihasahantera-19x055-mm\/#primaryimage\"},\"thumbnailUrl\":\"https:\/\/i0.wp.com\/terapalvelu.fi\/wp-content\/uploads\/2019\/12\/meatsawblade.jpg?fit=880%2C584&ssl=1\",\"datePublished\":\"2019-12-27T18:44:39+00:00\",\"dateModified\":\"2024-12-27T08:28:34+00:00\",\"breadcrumb\":{\"@id\":\"https:\/\/terapalvelu.fi\/tuote\/lihasahantera-19x055-mm\/#breadcrumb\"},\"inLanguage\":\"en-GB\",\"potentialAction\":[{\"@type\":\"ReadAction\",\"target\":[\"https:\/\/terapalvelu.fi\/tuote\/lihasahantera-19x055-mm\/\"]}]},{\"@type\":\"ImageObject\",\"inLanguage\":\"en-GB\",\"@id\":\"https:\/\/terapalvelu.fi\/tuote\/lihasahantera-19x055-mm\/#primaryimage\",\"url\":\"https:\/\/i0.wp.com\/terapalvelu.fi\/wp-content\/uploads\/2019\/12\/meatsawblade.jpg?fit=880%2C584&ssl=1\",\"contentUrl\":\"https:\/\/i0.wp.com\/terapalvelu.fi\/wp-content\/uploads\/2019\/12\/meatsawblade.jpg?fit=880%2C584&ssl=1\",\"width\":880,\"height\":584},{\"@type\":\"BreadcrumbList\",\"@id\":\"https:\/\/terapalvelu.fi\/tuote\/lihasahantera-19x055-mm\/#breadcrumb\",\"itemListElement\":[{\"@type\":\"ListItem\",\"position\":1,\"name\":\"Etusivu\",\"item\":\"https:\/\/terapalvelu.fi\/\"},{\"@type\":\"ListItem\",\"position\":2,\"name\":\"Vannesahanter\u00e4t, ty\u00f6st\u00f6ter\u00e4t, hiomatarvikkeet\",\"item\":\"https:\/\/terapalvelu.fi\/kauppa\/\"},{\"@type\":\"ListItem\",\"position\":3,\"name\":\"Lihasahanter\u00e4 19&#215;0,55 mm\"}]},{\"@type\":\"WebSite\",\"@id\":\"https:\/\/terapalvelu.fi\/#website\",\"url\":\"https:\/\/terapalvelu.fi\/\",\"name\":\"Iisalmen Ter\u00e4palvelu\",\"description\":\"Vannesahanterien maahantuonti ja valmistus. Terien, ty\u00f6kalujen ja koneiden myynti.\",\"publisher\":{\"@id\":\"https:\/\/terapalvelu.fi\/#organization\"},\"potentialAction\":[{\"@type\":\"SearchAction\",\"target\":{\"@type\":\"EntryPoint\",\"urlTemplate\":\"https:\/\/terapalvelu.fi\/?s={search_term_string}\"},\"query-input\":{\"@type\":\"PropertyValueSpecification\",\"valueRequired\":true,\"valueName\":\"search_term_string\"}}],\"inLanguage\":\"en-GB\"},{\"@type\":\"Organization\",\"@id\":\"https:\/\/terapalvelu.fi\/#organization\",\"name\":\"Iisalmen Ter\u00e4palvelu\",\"url\":\"https:\/\/terapalvelu.fi\/\",\"logo\":{\"@type\":\"ImageObject\",\"inLanguage\":\"en-GB\",\"@id\":\"https:\/\/terapalvelu.fi\/#\/schema\/logo\/image\/\",\"url\":\"https:\/\/i0.wp.com\/terapalvelu.fi\/wp-content\/uploads\/2022\/01\/logo.png?fit=241%2C105&ssl=1\",\"contentUrl\":\"https:\/\/i0.wp.com\/terapalvelu.fi\/wp-content\/uploads\/2022\/01\/logo.png?fit=241%2C105&ssl=1\",\"width\":241,\"height\":105,\"caption\":\"Iisalmen Ter\u00e4palvelu\"},\"image\":{\"@id\":\"https:\/\/terapalvelu.fi\/#\/schema\/logo\/image\/\"}}]}<\/script>\n<!-- \/ Yoast SEO plugin. -->","yoast_head_json":{"title":"Lihasahanter\u00e4 19x0,55 mm - Iisalmen Ter\u00e4palvelu","robots":{"index":"index","follow":"follow","max-snippet":"max-snippet:-1","max-image-preview":"max-image-preview:large","max-video-preview":"max-video-preview:-1"},"canonical":"https:\/\/terapalvelu.fi\/en\/product\/lihasahantera-19x055-mm\/","og_locale":"en_GB","og_type":"article","og_title":"Lihasahanter\u00e4 19x0,55 mm - Iisalmen Ter\u00e4palvelu","og_description":"Lihasahanter\u00e4. Leveys 19 mm, vahvuus 0,55 mm, hammasluku 4 hammasta\/tuuma.  Osta enemm\u00e4n samaa ter\u00e4\u00e4 ja s\u00e4\u00e4st\u00e4!   2 kpl: -5 %  5 kpl: -10 %  10 kpl: -15 %  20 kpl: -20 %  Alennus n\u00e4kyy tuotteiden lis\u00e4\u00e4misen j\u00e4lkeen ostoskorissa.","og_url":"https:\/\/terapalvelu.fi\/en\/product\/lihasahantera-19x055-mm\/","og_site_name":"Iisalmen Ter\u00e4palvelu","article_modified_time":"2024-12-27T08:28:34+00:00","og_image":[{"width":880,"height":584,"url":"https:\/\/terapalvelu.fi\/wp-content\/uploads\/2019\/12\/meatsawblade.jpg","type":"image\/jpeg"}],"twitter_card":"summary_large_image","twitter_misc":{"Estimated reading time":"1 minute"},"schema":{"@context":"https:\/\/schema.org","@graph":[{"@type":"WebPage","@id":"https:\/\/terapalvelu.fi\/tuote\/lihasahantera-19x055-mm\/","url":"https:\/\/terapalvelu.fi\/tuote\/lihasahantera-19x055-mm\/","name":"Lihasahanter\u00e4 19x0,55 mm - Iisalmen Ter\u00e4palvelu","isPartOf":{"@id":"https:\/\/terapalvelu.fi\/#website"},"primaryImageOfPage":{"@id":"https:\/\/terapalvelu.fi\/tuote\/lihasahantera-19x055-mm\/#primaryimage"},"image":{"@id":"https:\/\/terapalvelu.fi\/tuote\/lihasahantera-19x055-mm\/#primaryimage"},"thumbnailUrl":"https:\/\/i0.wp.com\/terapalvelu.fi\/wp-content\/uploads\/2019\/12\/meatsawblade.jpg?fit=880%2C584&ssl=1","datePublished":"2019-12-27T18:44:39+00:00","dateModified":"2024-12-27T08:28:34+00:00","breadcrumb":{"@id":"https:\/\/terapalvelu.fi\/tuote\/lihasahantera-19x055-mm\/#breadcrumb"},"inLanguage":"en-GB","potentialAction":[{"@type":"ReadAction","target":["https:\/\/terapalvelu.fi\/tuote\/lihasahantera-19x055-mm\/"]}]},{"@type":"ImageObject","inLanguage":"en-GB","@id":"https:\/\/terapalvelu.fi\/tuote\/lihasahantera-19x055-mm\/#primaryimage","url":"https:\/\/i0.wp.com\/terapalvelu.fi\/wp-content\/uploads\/2019\/12\/meatsawblade.jpg?fit=880%2C584&ssl=1","contentUrl":"https:\/\/i0.wp.com\/terapalvelu.fi\/wp-content\/uploads\/2019\/12\/meatsawblade.jpg?fit=880%2C584&ssl=1","width":880,"height":584},{"@type":"BreadcrumbList","@id":"https:\/\/terapalvelu.fi\/tuote\/lihasahantera-19x055-mm\/#breadcrumb","itemListElement":[{"@type":"ListItem","position":1,"name":"Etusivu","item":"https:\/\/terapalvelu.fi\/"},{"@type":"ListItem","position":2,"name":"Vannesahanter\u00e4t, ty\u00f6st\u00f6ter\u00e4t, hiomatarvikkeet","item":"https:\/\/terapalvelu.fi\/kauppa\/"},{"@type":"ListItem","position":3,"name":"Lihasahanter\u00e4 19&#215;0,55 mm"}]},{"@type":"WebSite","@id":"https:\/\/terapalvelu.fi\/#website","url":"https:\/\/terapalvelu.fi\/","name":"Iisalmen Ter\u00e4palvelu","description":"Vannesahanterien maahantuonti ja valmistus. Terien, ty\u00f6kalujen ja koneiden myynti.","publisher":{"@id":"https:\/\/terapalvelu.fi\/#organization"},"potentialAction":[{"@type":"SearchAction","target":{"@type":"EntryPoint","urlTemplate":"https:\/\/terapalvelu.fi\/?s={search_term_string}"},"query-input":{"@type":"PropertyValueSpecification","valueRequired":true,"valueName":"search_term_string"}}],"inLanguage":"en-GB"},{"@type":"Organization","@id":"https:\/\/terapalvelu.fi\/#organization","name":"Iisalmen Ter\u00e4palvelu","url":"https:\/\/terapalvelu.fi\/","logo":{"@type":"ImageObject","inLanguage":"en-GB","@id":"https:\/\/terapalvelu.fi\/#\/schema\/logo\/image\/","url":"https:\/\/i0.wp.com\/terapalvelu.fi\/wp-content\/uploads\/2022\/01\/logo.png?fit=241%2C105&ssl=1","contentUrl":"https:\/\/i0.wp.com\/terapalvelu.fi\/wp-content\/uploads\/2022\/01\/logo.png?fit=241%2C105&ssl=1","width":241,"height":105,"caption":"Iisalmen Ter\u00e4palvelu"},"image":{"@id":"https:\/\/terapalvelu.fi\/#\/schema\/logo\/image\/"}}]}},"jetpack_publicize_connections":[],"jetpack_sharing_enabled":true,"_links":{"self":[{"href":"https:\/\/terapalvelu.fi\/en\/wp-json\/wp\/v2\/product\/171","targetHints":{"allow":["GET"]}}],"collection":[{"href":"https:\/\/terapalvelu.fi\/en\/wp-json\/wp\/v2\/product"}],"about":[{"href":"https:\/\/terapalvelu.fi\/en\/wp-json\/wp\/v2\/types\/product"}],"wp:featuredmedia":[{"embeddable":true,"href":"https:\/\/terapalvelu.fi\/en\/wp-json\/wp\/v2\/media\/169"}],"wp:attachment":[{"href":"https:\/\/terapalvelu.fi\/en\/wp-json\/wp\/v2\/media?parent=171"}],"wp:term":[{"taxonomy":"product_brand","embeddable":true,"href":"https:\/\/terapalvelu.fi\/en\/wp-json\/wp\/v2\/product_brand?post=171"},{"taxonomy":"product_cat","embeddable":true,"href":"https:\/\/terapalvelu.fi\/en\/wp-json\/wp\/v2\/product_cat?post=171"},{"taxonomy":"product_tag","embeddable":true,"href":"https:\/\/terapalvelu.fi\/en\/wp-json\/wp\/v2\/product_tag?post=171"}],"curies":[{"name":"wp","href":"https:\/\/api.w.org\/{rel}","templated":true}]}}