{"id":1871,"date":"2023-02-25T11:38:03","date_gmt":"2023-02-25T09:38:03","guid":{"rendered":"https:\/\/terapalvelu.fi\/?post_type=product&#038;p=1871"},"modified":"2024-12-10T08:55:45","modified_gmt":"2024-12-10T06:55:45","slug":"tukkisahantera-41x110-mm-hss","status":"publish","type":"product","link":"https:\/\/terapalvelu.fi\/en\/product\/tukkisahantera-41x110-mm-hss\/","title":{"rendered":"Tukkisahanter\u00e4 41&#215;1,10 mm HSS"},"content":{"rendered":"<p>Bimetalliter\u00e4 kovien, j\u00e4isten tai likaisten tukkien halkaisuun. Hampaat kulutusta kest\u00e4v\u00e4\u00e4 pikater\u00e4st\u00e4 HSS M42. Leveys 41 mm, vahvuus 1,10 mm, hammasv\u00e4li 22,2 mm.<\/p>","protected":false},"excerpt":{"rendered":"<p>Bimetalli M42 tukkisahanter\u00e4. Leveys 41 mm, vahvuus 1,10 mm, hammasv\u00e4li 22,2 mm.<\/p>\n<p>Buy more of the same blade and save!<\/p>\n<ul>\n<li>2 pcs: -5 %<\/li>\n<li>5 pcs: -10 %<\/li>\n<li>10 pcs: -15 %<\/li>\n<li>20 pcs: -20 %<\/li>\n<\/ul>\n<p>The discount will appear in the shopping cart after adding the products.<\/p>","protected":false},"featured_media":1253,"template":"","meta":{"_acf_changed":false,"jetpack_post_was_ever_published":false,"jetpack_publicize_message":"","jetpack_publicize_feature_enabled":true,"jetpack_social_post_already_shared":true,"jetpack_social_options":{"image_generator_settings":{"template":"highway","default_image_id":0,"font":"","enabled":false},"version":2}},"product_brand":[],"product_cat":[18,16],"product_tag":[36],"class_list":{"0":"post-1871","1":"product","2":"type-product","3":"status-publish","4":"has-post-thumbnail","6":"product_cat-tukkitera","7":"product_cat-yleinen","8":"product_tag-tukkisahantera","10":"first","11":"outofstock","12":"taxable","13":"shipping-taxable","14":"purchasable","15":"product-type-simple"},"acf":[],"yoast_head":"<!-- This site is optimized with the Yoast SEO plugin v27.1.1 - https:\/\/yoast.com\/product\/yoast-seo-wordpress\/ -->\n<title>Tukkisahanter\u00e4 41x1,10 mm HSS - Iisalmen Ter\u00e4palvelu<\/title>\n<meta name=\"description\" content=\"Bimetalliter\u00e4 kovien, j\u00e4isten tai likaisten tukkien halkaisuun. Hampaat kulutusta kest\u00e4v\u00e4\u00e4 pikater\u00e4st\u00e4 HSS M42.\" \/>\n<meta name=\"robots\" content=\"index, follow, max-snippet:-1, max-image-preview:large, max-video-preview:-1\" \/>\n<link rel=\"canonical\" href=\"https:\/\/terapalvelu.fi\/en\/product\/tukkisahantera-41x110-mm-hss\/\" \/>\n<meta property=\"og:locale\" content=\"en_GB\" \/>\n<meta property=\"og:type\" content=\"article\" \/>\n<meta property=\"og:title\" content=\"Tukkisahanter\u00e4 41x1,10 mm HSS - Iisalmen Ter\u00e4palvelu\" \/>\n<meta property=\"og:description\" content=\"Bimetalliter\u00e4 kovien, j\u00e4isten tai likaisten tukkien halkaisuun. Hampaat kulutusta kest\u00e4v\u00e4\u00e4 pikater\u00e4st\u00e4 HSS M42.\" \/>\n<meta property=\"og:url\" content=\"https:\/\/terapalvelu.fi\/en\/product\/tukkisahantera-41x110-mm-hss\/\" \/>\n<meta property=\"og:site_name\" content=\"Iisalmen Ter\u00e4palvelu\" \/>\n<meta property=\"article:modified_time\" content=\"2024-12-10T06:55:45+00:00\" \/>\n<meta property=\"og:image\" content=\"https:\/\/terapalvelu.fi\/wp-content\/uploads\/2019\/12\/bimetal_woodcut.jpg\" \/>\n\t<meta property=\"og:image:width\" content=\"647\" \/>\n\t<meta property=\"og:image:height\" content=\"485\" \/>\n\t<meta property=\"og:image:type\" content=\"image\/jpeg\" \/>\n<meta name=\"twitter:card\" content=\"summary_large_image\" \/>\n<meta name=\"twitter:label1\" content=\"Estimated reading time\" \/>\n\t<meta name=\"twitter:data1\" content=\"1 minute\" \/>\n<script type=\"application\/ld+json\" class=\"yoast-schema-graph\">{\"@context\":\"https:\/\/schema.org\",\"@graph\":[{\"@type\":\"WebPage\",\"@id\":\"https:\/\/terapalvelu.fi\/tuote\/tukkisahantera-41x110-mm-hss\/\",\"url\":\"https:\/\/terapalvelu.fi\/tuote\/tukkisahantera-41x110-mm-hss\/\",\"name\":\"Tukkisahanter\u00e4 41x1,10 mm HSS - Iisalmen Ter\u00e4palvelu\",\"isPartOf\":{\"@id\":\"https:\/\/terapalvelu.fi\/#website\"},\"primaryImageOfPage\":{\"@id\":\"https:\/\/terapalvelu.fi\/tuote\/tukkisahantera-41x110-mm-hss\/#primaryimage\"},\"image\":{\"@id\":\"https:\/\/terapalvelu.fi\/tuote\/tukkisahantera-41x110-mm-hss\/#primaryimage\"},\"thumbnailUrl\":\"https:\/\/i0.wp.com\/terapalvelu.fi\/wp-content\/uploads\/2019\/12\/bimetal_woodcut.jpg?fit=647%2C485&ssl=1\",\"datePublished\":\"2023-02-25T09:38:03+00:00\",\"dateModified\":\"2024-12-10T06:55:45+00:00\",\"description\":\"Bimetalliter\u00e4 kovien, j\u00e4isten tai likaisten tukkien halkaisuun. Hampaat kulutusta kest\u00e4v\u00e4\u00e4 pikater\u00e4st\u00e4 HSS M42.\",\"breadcrumb\":{\"@id\":\"https:\/\/terapalvelu.fi\/tuote\/tukkisahantera-41x110-mm-hss\/#breadcrumb\"},\"inLanguage\":\"en-GB\",\"potentialAction\":[{\"@type\":\"ReadAction\",\"target\":[\"https:\/\/terapalvelu.fi\/tuote\/tukkisahantera-41x110-mm-hss\/\"]}]},{\"@type\":\"ImageObject\",\"inLanguage\":\"en-GB\",\"@id\":\"https:\/\/terapalvelu.fi\/tuote\/tukkisahantera-41x110-mm-hss\/#primaryimage\",\"url\":\"https:\/\/i0.wp.com\/terapalvelu.fi\/wp-content\/uploads\/2019\/12\/bimetal_woodcut.jpg?fit=647%2C485&ssl=1\",\"contentUrl\":\"https:\/\/i0.wp.com\/terapalvelu.fi\/wp-content\/uploads\/2019\/12\/bimetal_woodcut.jpg?fit=647%2C485&ssl=1\",\"width\":647,\"height\":485},{\"@type\":\"BreadcrumbList\",\"@id\":\"https:\/\/terapalvelu.fi\/tuote\/tukkisahantera-41x110-mm-hss\/#breadcrumb\",\"itemListElement\":[{\"@type\":\"ListItem\",\"position\":1,\"name\":\"Etusivu\",\"item\":\"https:\/\/terapalvelu.fi\/\"},{\"@type\":\"ListItem\",\"position\":2,\"name\":\"Vannesahanter\u00e4t, ty\u00f6st\u00f6ter\u00e4t, hiomatarvikkeet\",\"item\":\"https:\/\/terapalvelu.fi\/kauppa\/\"},{\"@type\":\"ListItem\",\"position\":3,\"name\":\"Tukkisahanter\u00e4 41&#215;1,10 mm HSS\"}]},{\"@type\":\"WebSite\",\"@id\":\"https:\/\/terapalvelu.fi\/#website\",\"url\":\"https:\/\/terapalvelu.fi\/\",\"name\":\"Iisalmen Ter\u00e4palvelu\",\"description\":\"Vannesahanterien maahantuonti ja valmistus. Terien, ty\u00f6kalujen ja koneiden myynti.\",\"publisher\":{\"@id\":\"https:\/\/terapalvelu.fi\/#organization\"},\"potentialAction\":[{\"@type\":\"SearchAction\",\"target\":{\"@type\":\"EntryPoint\",\"urlTemplate\":\"https:\/\/terapalvelu.fi\/?s={search_term_string}\"},\"query-input\":{\"@type\":\"PropertyValueSpecification\",\"valueRequired\":true,\"valueName\":\"search_term_string\"}}],\"inLanguage\":\"en-GB\"},{\"@type\":\"Organization\",\"@id\":\"https:\/\/terapalvelu.fi\/#organization\",\"name\":\"Iisalmen Ter\u00e4palvelu\",\"url\":\"https:\/\/terapalvelu.fi\/\",\"logo\":{\"@type\":\"ImageObject\",\"inLanguage\":\"en-GB\",\"@id\":\"https:\/\/terapalvelu.fi\/#\/schema\/logo\/image\/\",\"url\":\"https:\/\/i0.wp.com\/terapalvelu.fi\/wp-content\/uploads\/2022\/01\/logo.png?fit=241%2C105&ssl=1\",\"contentUrl\":\"https:\/\/i0.wp.com\/terapalvelu.fi\/wp-content\/uploads\/2022\/01\/logo.png?fit=241%2C105&ssl=1\",\"width\":241,\"height\":105,\"caption\":\"Iisalmen Ter\u00e4palvelu\"},\"image\":{\"@id\":\"https:\/\/terapalvelu.fi\/#\/schema\/logo\/image\/\"}}]}<\/script>\n<!-- \/ Yoast SEO plugin. -->","yoast_head_json":{"title":"Tukkisahanter\u00e4 41x1,10 mm HSS - Iisalmen Ter\u00e4palvelu","description":"Bimetalliter\u00e4 kovien, j\u00e4isten tai likaisten tukkien halkaisuun. Hampaat kulutusta kest\u00e4v\u00e4\u00e4 pikater\u00e4st\u00e4 HSS M42.","robots":{"index":"index","follow":"follow","max-snippet":"max-snippet:-1","max-image-preview":"max-image-preview:large","max-video-preview":"max-video-preview:-1"},"canonical":"https:\/\/terapalvelu.fi\/en\/product\/tukkisahantera-41x110-mm-hss\/","og_locale":"en_GB","og_type":"article","og_title":"Tukkisahanter\u00e4 41x1,10 mm HSS - Iisalmen Ter\u00e4palvelu","og_description":"Bimetalliter\u00e4 kovien, j\u00e4isten tai likaisten tukkien halkaisuun. Hampaat kulutusta kest\u00e4v\u00e4\u00e4 pikater\u00e4st\u00e4 HSS M42.","og_url":"https:\/\/terapalvelu.fi\/en\/product\/tukkisahantera-41x110-mm-hss\/","og_site_name":"Iisalmen Ter\u00e4palvelu","article_modified_time":"2024-12-10T06:55:45+00:00","og_image":[{"width":647,"height":485,"url":"https:\/\/terapalvelu.fi\/wp-content\/uploads\/2019\/12\/bimetal_woodcut.jpg","type":"image\/jpeg"}],"twitter_card":"summary_large_image","twitter_misc":{"Estimated reading time":"1 minute"},"schema":{"@context":"https:\/\/schema.org","@graph":[{"@type":"WebPage","@id":"https:\/\/terapalvelu.fi\/tuote\/tukkisahantera-41x110-mm-hss\/","url":"https:\/\/terapalvelu.fi\/tuote\/tukkisahantera-41x110-mm-hss\/","name":"Tukkisahanter\u00e4 41x1,10 mm HSS - Iisalmen Ter\u00e4palvelu","isPartOf":{"@id":"https:\/\/terapalvelu.fi\/#website"},"primaryImageOfPage":{"@id":"https:\/\/terapalvelu.fi\/tuote\/tukkisahantera-41x110-mm-hss\/#primaryimage"},"image":{"@id":"https:\/\/terapalvelu.fi\/tuote\/tukkisahantera-41x110-mm-hss\/#primaryimage"},"thumbnailUrl":"https:\/\/i0.wp.com\/terapalvelu.fi\/wp-content\/uploads\/2019\/12\/bimetal_woodcut.jpg?fit=647%2C485&ssl=1","datePublished":"2023-02-25T09:38:03+00:00","dateModified":"2024-12-10T06:55:45+00:00","description":"Bimetalliter\u00e4 kovien, j\u00e4isten tai likaisten tukkien halkaisuun. Hampaat kulutusta kest\u00e4v\u00e4\u00e4 pikater\u00e4st\u00e4 HSS M42.","breadcrumb":{"@id":"https:\/\/terapalvelu.fi\/tuote\/tukkisahantera-41x110-mm-hss\/#breadcrumb"},"inLanguage":"en-GB","potentialAction":[{"@type":"ReadAction","target":["https:\/\/terapalvelu.fi\/tuote\/tukkisahantera-41x110-mm-hss\/"]}]},{"@type":"ImageObject","inLanguage":"en-GB","@id":"https:\/\/terapalvelu.fi\/tuote\/tukkisahantera-41x110-mm-hss\/#primaryimage","url":"https:\/\/i0.wp.com\/terapalvelu.fi\/wp-content\/uploads\/2019\/12\/bimetal_woodcut.jpg?fit=647%2C485&ssl=1","contentUrl":"https:\/\/i0.wp.com\/terapalvelu.fi\/wp-content\/uploads\/2019\/12\/bimetal_woodcut.jpg?fit=647%2C485&ssl=1","width":647,"height":485},{"@type":"BreadcrumbList","@id":"https:\/\/terapalvelu.fi\/tuote\/tukkisahantera-41x110-mm-hss\/#breadcrumb","itemListElement":[{"@type":"ListItem","position":1,"name":"Etusivu","item":"https:\/\/terapalvelu.fi\/"},{"@type":"ListItem","position":2,"name":"Vannesahanter\u00e4t, ty\u00f6st\u00f6ter\u00e4t, hiomatarvikkeet","item":"https:\/\/terapalvelu.fi\/kauppa\/"},{"@type":"ListItem","position":3,"name":"Tukkisahanter\u00e4 41&#215;1,10 mm HSS"}]},{"@type":"WebSite","@id":"https:\/\/terapalvelu.fi\/#website","url":"https:\/\/terapalvelu.fi\/","name":"Iisalmen Ter\u00e4palvelu","description":"Vannesahanterien maahantuonti ja valmistus. Terien, ty\u00f6kalujen ja koneiden myynti.","publisher":{"@id":"https:\/\/terapalvelu.fi\/#organization"},"potentialAction":[{"@type":"SearchAction","target":{"@type":"EntryPoint","urlTemplate":"https:\/\/terapalvelu.fi\/?s={search_term_string}"},"query-input":{"@type":"PropertyValueSpecification","valueRequired":true,"valueName":"search_term_string"}}],"inLanguage":"en-GB"},{"@type":"Organization","@id":"https:\/\/terapalvelu.fi\/#organization","name":"Iisalmen Ter\u00e4palvelu","url":"https:\/\/terapalvelu.fi\/","logo":{"@type":"ImageObject","inLanguage":"en-GB","@id":"https:\/\/terapalvelu.fi\/#\/schema\/logo\/image\/","url":"https:\/\/i0.wp.com\/terapalvelu.fi\/wp-content\/uploads\/2022\/01\/logo.png?fit=241%2C105&ssl=1","contentUrl":"https:\/\/i0.wp.com\/terapalvelu.fi\/wp-content\/uploads\/2022\/01\/logo.png?fit=241%2C105&ssl=1","width":241,"height":105,"caption":"Iisalmen Ter\u00e4palvelu"},"image":{"@id":"https:\/\/terapalvelu.fi\/#\/schema\/logo\/image\/"}}]}},"jetpack_publicize_connections":[],"jetpack_sharing_enabled":true,"_links":{"self":[{"href":"https:\/\/terapalvelu.fi\/en\/wp-json\/wp\/v2\/product\/1871","targetHints":{"allow":["GET"]}}],"collection":[{"href":"https:\/\/terapalvelu.fi\/en\/wp-json\/wp\/v2\/product"}],"about":[{"href":"https:\/\/terapalvelu.fi\/en\/wp-json\/wp\/v2\/types\/product"}],"wp:featuredmedia":[{"embeddable":true,"href":"https:\/\/terapalvelu.fi\/en\/wp-json\/wp\/v2\/media\/1253"}],"wp:attachment":[{"href":"https:\/\/terapalvelu.fi\/en\/wp-json\/wp\/v2\/media?parent=1871"}],"wp:term":[{"taxonomy":"product_brand","embeddable":true,"href":"https:\/\/terapalvelu.fi\/en\/wp-json\/wp\/v2\/product_brand?post=1871"},{"taxonomy":"product_cat","embeddable":true,"href":"https:\/\/terapalvelu.fi\/en\/wp-json\/wp\/v2\/product_cat?post=1871"},{"taxonomy":"product_tag","embeddable":true,"href":"https:\/\/terapalvelu.fi\/en\/wp-json\/wp\/v2\/product_tag?post=1871"}],"curies":[{"name":"wp","href":"https:\/\/api.w.org\/{rel}","templated":true}]}}