{"id":2508,"date":"2023-11-30T09:01:34","date_gmt":"2023-11-30T07:01:34","guid":{"rendered":"https:\/\/terapalvelu.fi\/?post_type=product&#038;p=2508"},"modified":"2026-04-16T13:46:20","modified_gmt":"2026-04-16T10:46:20","slug":"hiomanauha-deerfos-bora7-50x2000-mm-5-kpl","status":"publish","type":"product","link":"https:\/\/terapalvelu.fi\/en\/product\/hiomanauha-deerfos-bora7-50x2000-mm-5-kpl\/","title":{"rendered":"Sanding Belt Deerfos Bora7 50x2000 mm\/5 pcs"},"content":{"rendered":"<p>Very efficient and long lasting polyester belt with high quality ceramic grain for metals. Width 75 mm, length 2000 mm. 5 pcs bundle.<\/p>","protected":false},"excerpt":{"rendered":"<p>Ceramic sanding belt for metals. Width 50 mm, length 2000 mm. 5 pcs bundle.<\/p>\n<p>Select the grit.<\/p>","protected":false},"featured_media":2510,"template":"","meta":{"_acf_changed":false,"jetpack_post_was_ever_published":false,"jetpack_publicize_message":"","jetpack_publicize_feature_enabled":true,"jetpack_social_post_already_shared":true,"jetpack_social_options":{"image_generator_settings":{"template":"highway","default_image_id":0,"font":"","enabled":false},"version":2}},"product_brand":[],"product_cat":[21,23],"product_tag":[94,48,45,47,50,46],"class_list":{"0":"post-2508","1":"product","2":"type-product","3":"status-publish","4":"has-post-thumbnail","6":"product_cat-hiomatarvikkeet","7":"product_cat-hiomametalli","8":"product_tag-50x2000","9":"product_tag-bora7","10":"product_tag-hiomanauha","11":"product_tag-keraamihiomanauha","12":"product_tag-konehiomanauha","13":"product_tag-metallihiomanauha","15":"first","16":"instock","17":"taxable","18":"shipping-taxable","19":"purchasable","20":"product-type-variable"},"acf":[],"yoast_head":"<!-- This site is optimized with the Yoast SEO plugin v27.4 - https:\/\/yoast.com\/product\/yoast-seo-wordpress\/ -->\n<title>Hiomanauha Deerfos Bora7 50\u00d72000 mm\/5 kpl - Iisalmen Ter\u00e4palvelu<\/title>\n<meta name=\"robots\" content=\"index, follow, max-snippet:-1, max-image-preview:large, max-video-preview:-1\" \/>\n<link rel=\"canonical\" href=\"https:\/\/terapalvelu.fi\/en\/product\/hiomanauha-deerfos-bora7-50x2000-mm-5-kpl\/\" \/>\n<meta property=\"og:locale\" content=\"en_GB\" \/>\n<meta property=\"og:type\" content=\"article\" \/>\n<meta property=\"og:title\" content=\"Hiomanauha Deerfos Bora7 50\u00d72000 mm\/5 kpl - Iisalmen Ter\u00e4palvelu\" \/>\n<meta property=\"og:description\" content=\"Keraamihiomanauha metallien hiontaan. Leveys 50 mm, pituus 2000 mm. 5 kpl:n pakkaus.  Valitse karkeus.\" \/>\n<meta property=\"og:url\" content=\"https:\/\/terapalvelu.fi\/en\/product\/hiomanauha-deerfos-bora7-50x2000-mm-5-kpl\/\" \/>\n<meta property=\"og:site_name\" content=\"Iisalmen Ter\u00e4palvelu\" \/>\n<meta property=\"article:modified_time\" content=\"2026-04-16T10:46:20+00:00\" \/>\n<meta property=\"og:image\" content=\"https:\/\/terapalvelu.fi\/wp-content\/uploads\/2023\/11\/BORA7_50x2000.jpg\" \/>\n\t<meta property=\"og:image:width\" content=\"1210\" \/>\n\t<meta property=\"og:image:height\" content=\"907\" \/>\n\t<meta property=\"og:image:type\" content=\"image\/jpeg\" \/>\n<meta name=\"twitter:card\" content=\"summary_large_image\" \/>\n<meta name=\"twitter:label1\" content=\"Estimated reading time\" \/>\n\t<meta name=\"twitter:data1\" content=\"1 minute\" \/>\n<script type=\"application\/ld+json\" class=\"yoast-schema-graph\">{\"@context\":\"https:\\\/\\\/schema.org\",\"@graph\":[{\"@type\":\"WebPage\",\"@id\":\"https:\\\/\\\/terapalvelu.fi\\\/tuote\\\/hiomanauha-deerfos-bora7-50x2000-mm-5-kpl\\\/\",\"url\":\"https:\\\/\\\/terapalvelu.fi\\\/tuote\\\/hiomanauha-deerfos-bora7-50x2000-mm-5-kpl\\\/\",\"name\":\"Hiomanauha Deerfos Bora7 50\u00d72000 mm\\\/5 kpl - Iisalmen Ter\u00e4palvelu\",\"isPartOf\":{\"@id\":\"https:\\\/\\\/terapalvelu.fi\\\/#website\"},\"primaryImageOfPage\":{\"@id\":\"https:\\\/\\\/terapalvelu.fi\\\/tuote\\\/hiomanauha-deerfos-bora7-50x2000-mm-5-kpl\\\/#primaryimage\"},\"image\":{\"@id\":\"https:\\\/\\\/terapalvelu.fi\\\/tuote\\\/hiomanauha-deerfos-bora7-50x2000-mm-5-kpl\\\/#primaryimage\"},\"thumbnailUrl\":\"https:\\\/\\\/i0.wp.com\\\/terapalvelu.fi\\\/wp-content\\\/uploads\\\/2023\\\/11\\\/BORA7_50x2000.jpg?fit=1210%2C907&ssl=1\",\"datePublished\":\"2023-11-30T07:01:34+00:00\",\"dateModified\":\"2026-04-16T10:46:20+00:00\",\"breadcrumb\":{\"@id\":\"https:\\\/\\\/terapalvelu.fi\\\/tuote\\\/hiomanauha-deerfos-bora7-50x2000-mm-5-kpl\\\/#breadcrumb\"},\"inLanguage\":\"en-GB\",\"potentialAction\":[{\"@type\":\"ReadAction\",\"target\":[\"https:\\\/\\\/terapalvelu.fi\\\/tuote\\\/hiomanauha-deerfos-bora7-50x2000-mm-5-kpl\\\/\"]}]},{\"@type\":\"ImageObject\",\"inLanguage\":\"en-GB\",\"@id\":\"https:\\\/\\\/terapalvelu.fi\\\/tuote\\\/hiomanauha-deerfos-bora7-50x2000-mm-5-kpl\\\/#primaryimage\",\"url\":\"https:\\\/\\\/i0.wp.com\\\/terapalvelu.fi\\\/wp-content\\\/uploads\\\/2023\\\/11\\\/BORA7_50x2000.jpg?fit=1210%2C907&ssl=1\",\"contentUrl\":\"https:\\\/\\\/i0.wp.com\\\/terapalvelu.fi\\\/wp-content\\\/uploads\\\/2023\\\/11\\\/BORA7_50x2000.jpg?fit=1210%2C907&ssl=1\",\"width\":1210,\"height\":907},{\"@type\":\"BreadcrumbList\",\"@id\":\"https:\\\/\\\/terapalvelu.fi\\\/tuote\\\/hiomanauha-deerfos-bora7-50x2000-mm-5-kpl\\\/#breadcrumb\",\"itemListElement\":[{\"@type\":\"ListItem\",\"position\":1,\"name\":\"Etusivu\",\"item\":\"https:\\\/\\\/terapalvelu.fi\\\/\"},{\"@type\":\"ListItem\",\"position\":2,\"name\":\"Vannesahanter\u00e4t, ty\u00f6st\u00f6ter\u00e4t, hiomatarvikkeet\",\"item\":\"https:\\\/\\\/terapalvelu.fi\\\/kauppa\\\/\"},{\"@type\":\"ListItem\",\"position\":3,\"name\":\"Hiomanauha Deerfos Bora7 50\u00d72000 mm\\\/5 kpl\"}]},{\"@type\":\"WebSite\",\"@id\":\"https:\\\/\\\/terapalvelu.fi\\\/#website\",\"url\":\"https:\\\/\\\/terapalvelu.fi\\\/\",\"name\":\"Iisalmen Ter\u00e4palvelu\",\"description\":\"Vannesahanterien maahantuonti ja valmistus. Terien, ty\u00f6kalujen ja koneiden myynti.\",\"publisher\":{\"@id\":\"https:\\\/\\\/terapalvelu.fi\\\/#organization\"},\"potentialAction\":[{\"@type\":\"SearchAction\",\"target\":{\"@type\":\"EntryPoint\",\"urlTemplate\":\"https:\\\/\\\/terapalvelu.fi\\\/?s={search_term_string}\"},\"query-input\":{\"@type\":\"PropertyValueSpecification\",\"valueRequired\":true,\"valueName\":\"search_term_string\"}}],\"inLanguage\":\"en-GB\"},{\"@type\":\"Organization\",\"@id\":\"https:\\\/\\\/terapalvelu.fi\\\/#organization\",\"name\":\"Iisalmen Ter\u00e4palvelu\",\"url\":\"https:\\\/\\\/terapalvelu.fi\\\/\",\"logo\":{\"@type\":\"ImageObject\",\"inLanguage\":\"en-GB\",\"@id\":\"https:\\\/\\\/terapalvelu.fi\\\/#\\\/schema\\\/logo\\\/image\\\/\",\"url\":\"https:\\\/\\\/i0.wp.com\\\/terapalvelu.fi\\\/wp-content\\\/uploads\\\/2022\\\/01\\\/logo.png?fit=241%2C105&ssl=1\",\"contentUrl\":\"https:\\\/\\\/i0.wp.com\\\/terapalvelu.fi\\\/wp-content\\\/uploads\\\/2022\\\/01\\\/logo.png?fit=241%2C105&ssl=1\",\"width\":241,\"height\":105,\"caption\":\"Iisalmen Ter\u00e4palvelu\"},\"image\":{\"@id\":\"https:\\\/\\\/terapalvelu.fi\\\/#\\\/schema\\\/logo\\\/image\\\/\"}}]}<\/script>\n<!-- \/ Yoast SEO plugin. -->","yoast_head_json":{"title":"Hiomanauha Deerfos Bora7 50\u00d72000 mm\/5 kpl - Iisalmen Ter\u00e4palvelu","robots":{"index":"index","follow":"follow","max-snippet":"max-snippet:-1","max-image-preview":"max-image-preview:large","max-video-preview":"max-video-preview:-1"},"canonical":"https:\/\/terapalvelu.fi\/en\/product\/hiomanauha-deerfos-bora7-50x2000-mm-5-kpl\/","og_locale":"en_GB","og_type":"article","og_title":"Hiomanauha Deerfos Bora7 50\u00d72000 mm\/5 kpl - Iisalmen Ter\u00e4palvelu","og_description":"Keraamihiomanauha metallien hiontaan. Leveys 50 mm, pituus 2000 mm. 5 kpl:n pakkaus.  Valitse karkeus.","og_url":"https:\/\/terapalvelu.fi\/en\/product\/hiomanauha-deerfos-bora7-50x2000-mm-5-kpl\/","og_site_name":"Iisalmen Ter\u00e4palvelu","article_modified_time":"2026-04-16T10:46:20+00:00","og_image":[{"width":1210,"height":907,"url":"https:\/\/terapalvelu.fi\/wp-content\/uploads\/2023\/11\/BORA7_50x2000.jpg","type":"image\/jpeg"}],"twitter_card":"summary_large_image","twitter_misc":{"Estimated reading time":"1 minute"},"schema":{"@context":"https:\/\/schema.org","@graph":[{"@type":"WebPage","@id":"https:\/\/terapalvelu.fi\/tuote\/hiomanauha-deerfos-bora7-50x2000-mm-5-kpl\/","url":"https:\/\/terapalvelu.fi\/tuote\/hiomanauha-deerfos-bora7-50x2000-mm-5-kpl\/","name":"Hiomanauha Deerfos Bora7 50\u00d72000 mm\/5 kpl - Iisalmen Ter\u00e4palvelu","isPartOf":{"@id":"https:\/\/terapalvelu.fi\/#website"},"primaryImageOfPage":{"@id":"https:\/\/terapalvelu.fi\/tuote\/hiomanauha-deerfos-bora7-50x2000-mm-5-kpl\/#primaryimage"},"image":{"@id":"https:\/\/terapalvelu.fi\/tuote\/hiomanauha-deerfos-bora7-50x2000-mm-5-kpl\/#primaryimage"},"thumbnailUrl":"https:\/\/i0.wp.com\/terapalvelu.fi\/wp-content\/uploads\/2023\/11\/BORA7_50x2000.jpg?fit=1210%2C907&ssl=1","datePublished":"2023-11-30T07:01:34+00:00","dateModified":"2026-04-16T10:46:20+00:00","breadcrumb":{"@id":"https:\/\/terapalvelu.fi\/tuote\/hiomanauha-deerfos-bora7-50x2000-mm-5-kpl\/#breadcrumb"},"inLanguage":"en-GB","potentialAction":[{"@type":"ReadAction","target":["https:\/\/terapalvelu.fi\/tuote\/hiomanauha-deerfos-bora7-50x2000-mm-5-kpl\/"]}]},{"@type":"ImageObject","inLanguage":"en-GB","@id":"https:\/\/terapalvelu.fi\/tuote\/hiomanauha-deerfos-bora7-50x2000-mm-5-kpl\/#primaryimage","url":"https:\/\/i0.wp.com\/terapalvelu.fi\/wp-content\/uploads\/2023\/11\/BORA7_50x2000.jpg?fit=1210%2C907&ssl=1","contentUrl":"https:\/\/i0.wp.com\/terapalvelu.fi\/wp-content\/uploads\/2023\/11\/BORA7_50x2000.jpg?fit=1210%2C907&ssl=1","width":1210,"height":907},{"@type":"BreadcrumbList","@id":"https:\/\/terapalvelu.fi\/tuote\/hiomanauha-deerfos-bora7-50x2000-mm-5-kpl\/#breadcrumb","itemListElement":[{"@type":"ListItem","position":1,"name":"Etusivu","item":"https:\/\/terapalvelu.fi\/"},{"@type":"ListItem","position":2,"name":"Vannesahanter\u00e4t, ty\u00f6st\u00f6ter\u00e4t, hiomatarvikkeet","item":"https:\/\/terapalvelu.fi\/kauppa\/"},{"@type":"ListItem","position":3,"name":"Hiomanauha Deerfos Bora7 50\u00d72000 mm\/5 kpl"}]},{"@type":"WebSite","@id":"https:\/\/terapalvelu.fi\/#website","url":"https:\/\/terapalvelu.fi\/","name":"Iisalmen Ter\u00e4palvelu","description":"Vannesahanterien maahantuonti ja valmistus. Terien, ty\u00f6kalujen ja koneiden myynti.","publisher":{"@id":"https:\/\/terapalvelu.fi\/#organization"},"potentialAction":[{"@type":"SearchAction","target":{"@type":"EntryPoint","urlTemplate":"https:\/\/terapalvelu.fi\/?s={search_term_string}"},"query-input":{"@type":"PropertyValueSpecification","valueRequired":true,"valueName":"search_term_string"}}],"inLanguage":"en-GB"},{"@type":"Organization","@id":"https:\/\/terapalvelu.fi\/#organization","name":"Iisalmen Ter\u00e4palvelu","url":"https:\/\/terapalvelu.fi\/","logo":{"@type":"ImageObject","inLanguage":"en-GB","@id":"https:\/\/terapalvelu.fi\/#\/schema\/logo\/image\/","url":"https:\/\/i0.wp.com\/terapalvelu.fi\/wp-content\/uploads\/2022\/01\/logo.png?fit=241%2C105&ssl=1","contentUrl":"https:\/\/i0.wp.com\/terapalvelu.fi\/wp-content\/uploads\/2022\/01\/logo.png?fit=241%2C105&ssl=1","width":241,"height":105,"caption":"Iisalmen Ter\u00e4palvelu"},"image":{"@id":"https:\/\/terapalvelu.fi\/#\/schema\/logo\/image\/"}}]}},"jetpack_publicize_connections":[],"jetpack_sharing_enabled":true,"_links":{"self":[{"href":"https:\/\/terapalvelu.fi\/en\/wp-json\/wp\/v2\/product\/2508","targetHints":{"allow":["GET"]}}],"collection":[{"href":"https:\/\/terapalvelu.fi\/en\/wp-json\/wp\/v2\/product"}],"about":[{"href":"https:\/\/terapalvelu.fi\/en\/wp-json\/wp\/v2\/types\/product"}],"wp:featuredmedia":[{"embeddable":true,"href":"https:\/\/terapalvelu.fi\/en\/wp-json\/wp\/v2\/media\/2510"}],"wp:attachment":[{"href":"https:\/\/terapalvelu.fi\/en\/wp-json\/wp\/v2\/media?parent=2508"}],"wp:term":[{"taxonomy":"product_brand","embeddable":true,"href":"https:\/\/terapalvelu.fi\/en\/wp-json\/wp\/v2\/product_brand?post=2508"},{"taxonomy":"product_cat","embeddable":true,"href":"https:\/\/terapalvelu.fi\/en\/wp-json\/wp\/v2\/product_cat?post=2508"},{"taxonomy":"product_tag","embeddable":true,"href":"https:\/\/terapalvelu.fi\/en\/wp-json\/wp\/v2\/product_tag?post=2508"}],"curies":[{"name":"wp","href":"https:\/\/api.w.org\/{rel}","templated":true}]}}