{"id":308,"date":"2019-12-29T14:36:59","date_gmt":"2019-12-29T12:36:59","guid":{"rendered":"http:\/\/terapiapalvelu.fi\/?post_type=product&#038;p=308"},"modified":"2026-04-17T08:33:49","modified_gmt":"2026-04-17T05:33:49","slug":"lamellilaikka-deerfos-ps992-125x222-mm-p40","status":"publish","type":"product","link":"https:\/\/terapalvelu.fi\/en\/product\/lamellilaikka-deerfos-ps992-125x222-mm-p40\/","title":{"rendered":"Flap Disc Deerfos PS994 125x22,2 mm P40"},"content":{"rendered":"<p>Eritt\u00e4in tehokas ja pitk\u00e4ik\u00e4inen Deerfos PS994 lamellilaikka keraamijyv\u00e4ll\u00e4 kaikille ter\u00e4ksille. Halkaisija 125 mm, keskireik\u00e4 22,2 mm, karkeus 40. Kupera muoto. Myyd\u00e4\u00e4n yksitt\u00e4in tai 10 kpl:n pakkauksessa.<\/p>","protected":false},"excerpt":{"rendered":"<p>Lamellilaikka keraamijyv\u00e4ll\u00e4. Halkaisija 125 mm, keskireik\u00e4 22,2 mm, karkeus 40. Kupera muoto. Myyd\u00e4\u00e4n yksitt\u00e4in tai 10 kpl:n pakkauksissa.<\/p>","protected":false},"featured_media":467,"template":"","meta":{"_acf_changed":false,"jetpack_post_was_ever_published":false,"jetpack_publicize_message":"","jetpack_publicize_feature_enabled":true,"jetpack_social_post_already_shared":true,"jetpack_social_options":{"image_generator_settings":{"template":"highway","default_image_id":0,"font":"","enabled":false},"version":2}},"product_brand":[],"product_cat":[21,55],"product_tag":[56],"class_list":{"0":"post-308","1":"product","2":"type-product","3":"status-publish","4":"has-post-thumbnail","6":"product_cat-hiomatarvikkeet","7":"product_cat-lamellilaikat","8":"product_tag-lamellilaikka","10":"first","11":"instock","12":"taxable","13":"shipping-taxable","14":"purchasable","15":"product-type-variable"},"acf":[],"yoast_head":"<!-- This site is optimized with the Yoast SEO plugin v27.4 - https:\/\/yoast.com\/product\/yoast-seo-wordpress\/ -->\n<title>Lamellilaikka Deerfos PS994 125x22,2 mm P40 - Iisalmen Ter\u00e4palvelu<\/title>\n<meta name=\"description\" content=\"Eritt\u00e4in tehokas ja pitk\u00e4ik\u00e4inen Deerfos PS994 lamellilaikka keraamijyv\u00e4ll\u00e4 kaikille ter\u00e4ksille. Halkaisija 125mm, keskireik\u00e4 22,2mm, P40.\" \/>\n<meta name=\"robots\" content=\"index, follow, max-snippet:-1, max-image-preview:large, max-video-preview:-1\" \/>\n<link rel=\"canonical\" href=\"https:\/\/terapalvelu.fi\/en\/product\/lamellilaikka-deerfos-ps992-125x222-mm-p40\/\" \/>\n<meta property=\"og:locale\" content=\"en_GB\" \/>\n<meta property=\"og:type\" content=\"article\" \/>\n<meta property=\"og:title\" content=\"Lamellilaikka Deerfos PS994 125x22,2 mm P40 - Iisalmen Ter\u00e4palvelu\" \/>\n<meta property=\"og:description\" content=\"Eritt\u00e4in tehokas ja pitk\u00e4ik\u00e4inen Deerfos PS994 lamellilaikka keraamijyv\u00e4ll\u00e4 kaikille ter\u00e4ksille. Halkaisija 125mm, keskireik\u00e4 22,2mm, P40.\" \/>\n<meta property=\"og:url\" content=\"https:\/\/terapalvelu.fi\/en\/product\/lamellilaikka-deerfos-ps992-125x222-mm-p40\/\" \/>\n<meta property=\"og:site_name\" content=\"Iisalmen Ter\u00e4palvelu\" \/>\n<meta property=\"article:modified_time\" content=\"2026-04-17T05:33:49+00:00\" \/>\n<meta property=\"og:image\" content=\"https:\/\/terapalvelu.fi\/wp-content\/uploads\/2019\/12\/lamellilaikka_Deerfos_PS994.jpg\" \/>\n\t<meta property=\"og:image:width\" content=\"528\" \/>\n\t<meta property=\"og:image:height\" content=\"504\" \/>\n\t<meta property=\"og:image:type\" content=\"image\/jpeg\" \/>\n<meta name=\"twitter:card\" content=\"summary_large_image\" \/>\n<meta name=\"twitter:label1\" content=\"Estimated reading time\" \/>\n\t<meta name=\"twitter:data1\" content=\"1 minute\" \/>\n<script type=\"application\/ld+json\" class=\"yoast-schema-graph\">{\"@context\":\"https:\\\/\\\/schema.org\",\"@graph\":[{\"@type\":\"WebPage\",\"@id\":\"https:\\\/\\\/terapalvelu.fi\\\/tuote\\\/lamellilaikka-deerfos-ps992-125x222-mm-p40\\\/\",\"url\":\"https:\\\/\\\/terapalvelu.fi\\\/tuote\\\/lamellilaikka-deerfos-ps992-125x222-mm-p40\\\/\",\"name\":\"Lamellilaikka Deerfos PS994 125x22,2 mm P40 - Iisalmen Ter\u00e4palvelu\",\"isPartOf\":{\"@id\":\"https:\\\/\\\/terapalvelu.fi\\\/#website\"},\"primaryImageOfPage\":{\"@id\":\"https:\\\/\\\/terapalvelu.fi\\\/tuote\\\/lamellilaikka-deerfos-ps992-125x222-mm-p40\\\/#primaryimage\"},\"image\":{\"@id\":\"https:\\\/\\\/terapalvelu.fi\\\/tuote\\\/lamellilaikka-deerfos-ps992-125x222-mm-p40\\\/#primaryimage\"},\"thumbnailUrl\":\"https:\\\/\\\/i0.wp.com\\\/terapalvelu.fi\\\/wp-content\\\/uploads\\\/2019\\\/12\\\/lamellilaikka_Deerfos_PS994.jpg?fit=528%2C504&ssl=1\",\"datePublished\":\"2019-12-29T12:36:59+00:00\",\"dateModified\":\"2026-04-17T05:33:49+00:00\",\"description\":\"Eritt\u00e4in tehokas ja pitk\u00e4ik\u00e4inen Deerfos PS994 lamellilaikka keraamijyv\u00e4ll\u00e4 kaikille ter\u00e4ksille. Halkaisija 125mm, keskireik\u00e4 22,2mm, P40.\",\"breadcrumb\":{\"@id\":\"https:\\\/\\\/terapalvelu.fi\\\/tuote\\\/lamellilaikka-deerfos-ps992-125x222-mm-p40\\\/#breadcrumb\"},\"inLanguage\":\"en-GB\",\"potentialAction\":[{\"@type\":\"ReadAction\",\"target\":[\"https:\\\/\\\/terapalvelu.fi\\\/tuote\\\/lamellilaikka-deerfos-ps992-125x222-mm-p40\\\/\"]}]},{\"@type\":\"ImageObject\",\"inLanguage\":\"en-GB\",\"@id\":\"https:\\\/\\\/terapalvelu.fi\\\/tuote\\\/lamellilaikka-deerfos-ps992-125x222-mm-p40\\\/#primaryimage\",\"url\":\"https:\\\/\\\/i0.wp.com\\\/terapalvelu.fi\\\/wp-content\\\/uploads\\\/2019\\\/12\\\/lamellilaikka_Deerfos_PS994.jpg?fit=528%2C504&ssl=1\",\"contentUrl\":\"https:\\\/\\\/i0.wp.com\\\/terapalvelu.fi\\\/wp-content\\\/uploads\\\/2019\\\/12\\\/lamellilaikka_Deerfos_PS994.jpg?fit=528%2C504&ssl=1\",\"width\":528,\"height\":504},{\"@type\":\"BreadcrumbList\",\"@id\":\"https:\\\/\\\/terapalvelu.fi\\\/tuote\\\/lamellilaikka-deerfos-ps992-125x222-mm-p40\\\/#breadcrumb\",\"itemListElement\":[{\"@type\":\"ListItem\",\"position\":1,\"name\":\"Etusivu\",\"item\":\"https:\\\/\\\/terapalvelu.fi\\\/\"},{\"@type\":\"ListItem\",\"position\":2,\"name\":\"Vannesahanter\u00e4t, ty\u00f6st\u00f6ter\u00e4t, hiomatarvikkeet\",\"item\":\"https:\\\/\\\/terapalvelu.fi\\\/kauppa\\\/\"},{\"@type\":\"ListItem\",\"position\":3,\"name\":\"Lamellilaikka Deerfos PS994 125&#215;22,2 mm P40\"}]},{\"@type\":\"WebSite\",\"@id\":\"https:\\\/\\\/terapalvelu.fi\\\/#website\",\"url\":\"https:\\\/\\\/terapalvelu.fi\\\/\",\"name\":\"Iisalmen Ter\u00e4palvelu\",\"description\":\"Vannesahanterien maahantuonti ja valmistus. Terien, ty\u00f6kalujen ja koneiden myynti.\",\"publisher\":{\"@id\":\"https:\\\/\\\/terapalvelu.fi\\\/#organization\"},\"potentialAction\":[{\"@type\":\"SearchAction\",\"target\":{\"@type\":\"EntryPoint\",\"urlTemplate\":\"https:\\\/\\\/terapalvelu.fi\\\/?s={search_term_string}\"},\"query-input\":{\"@type\":\"PropertyValueSpecification\",\"valueRequired\":true,\"valueName\":\"search_term_string\"}}],\"inLanguage\":\"en-GB\"},{\"@type\":\"Organization\",\"@id\":\"https:\\\/\\\/terapalvelu.fi\\\/#organization\",\"name\":\"Iisalmen Ter\u00e4palvelu\",\"url\":\"https:\\\/\\\/terapalvelu.fi\\\/\",\"logo\":{\"@type\":\"ImageObject\",\"inLanguage\":\"en-GB\",\"@id\":\"https:\\\/\\\/terapalvelu.fi\\\/#\\\/schema\\\/logo\\\/image\\\/\",\"url\":\"https:\\\/\\\/i0.wp.com\\\/terapalvelu.fi\\\/wp-content\\\/uploads\\\/2022\\\/01\\\/logo.png?fit=241%2C105&ssl=1\",\"contentUrl\":\"https:\\\/\\\/i0.wp.com\\\/terapalvelu.fi\\\/wp-content\\\/uploads\\\/2022\\\/01\\\/logo.png?fit=241%2C105&ssl=1\",\"width\":241,\"height\":105,\"caption\":\"Iisalmen Ter\u00e4palvelu\"},\"image\":{\"@id\":\"https:\\\/\\\/terapalvelu.fi\\\/#\\\/schema\\\/logo\\\/image\\\/\"}}]}<\/script>\n<!-- \/ Yoast SEO plugin. -->","yoast_head_json":{"title":"Lamellilaikka Deerfos PS994 125x22,2 mm P40 - Iisalmen Ter\u00e4palvelu","description":"Eritt\u00e4in tehokas ja pitk\u00e4ik\u00e4inen Deerfos PS994 lamellilaikka keraamijyv\u00e4ll\u00e4 kaikille ter\u00e4ksille. Halkaisija 125mm, keskireik\u00e4 22,2mm, P40.","robots":{"index":"index","follow":"follow","max-snippet":"max-snippet:-1","max-image-preview":"max-image-preview:large","max-video-preview":"max-video-preview:-1"},"canonical":"https:\/\/terapalvelu.fi\/en\/product\/lamellilaikka-deerfos-ps992-125x222-mm-p40\/","og_locale":"en_GB","og_type":"article","og_title":"Lamellilaikka Deerfos PS994 125x22,2 mm P40 - Iisalmen Ter\u00e4palvelu","og_description":"Eritt\u00e4in tehokas ja pitk\u00e4ik\u00e4inen Deerfos PS994 lamellilaikka keraamijyv\u00e4ll\u00e4 kaikille ter\u00e4ksille. Halkaisija 125mm, keskireik\u00e4 22,2mm, P40.","og_url":"https:\/\/terapalvelu.fi\/en\/product\/lamellilaikka-deerfos-ps992-125x222-mm-p40\/","og_site_name":"Iisalmen Ter\u00e4palvelu","article_modified_time":"2026-04-17T05:33:49+00:00","og_image":[{"width":528,"height":504,"url":"https:\/\/terapalvelu.fi\/wp-content\/uploads\/2019\/12\/lamellilaikka_Deerfos_PS994.jpg","type":"image\/jpeg"}],"twitter_card":"summary_large_image","twitter_misc":{"Estimated reading time":"1 minute"},"schema":{"@context":"https:\/\/schema.org","@graph":[{"@type":"WebPage","@id":"https:\/\/terapalvelu.fi\/tuote\/lamellilaikka-deerfos-ps992-125x222-mm-p40\/","url":"https:\/\/terapalvelu.fi\/tuote\/lamellilaikka-deerfos-ps992-125x222-mm-p40\/","name":"Lamellilaikka Deerfos PS994 125x22,2 mm P40 - Iisalmen Ter\u00e4palvelu","isPartOf":{"@id":"https:\/\/terapalvelu.fi\/#website"},"primaryImageOfPage":{"@id":"https:\/\/terapalvelu.fi\/tuote\/lamellilaikka-deerfos-ps992-125x222-mm-p40\/#primaryimage"},"image":{"@id":"https:\/\/terapalvelu.fi\/tuote\/lamellilaikka-deerfos-ps992-125x222-mm-p40\/#primaryimage"},"thumbnailUrl":"https:\/\/i0.wp.com\/terapalvelu.fi\/wp-content\/uploads\/2019\/12\/lamellilaikka_Deerfos_PS994.jpg?fit=528%2C504&ssl=1","datePublished":"2019-12-29T12:36:59+00:00","dateModified":"2026-04-17T05:33:49+00:00","description":"Eritt\u00e4in tehokas ja pitk\u00e4ik\u00e4inen Deerfos PS994 lamellilaikka keraamijyv\u00e4ll\u00e4 kaikille ter\u00e4ksille. Halkaisija 125mm, keskireik\u00e4 22,2mm, P40.","breadcrumb":{"@id":"https:\/\/terapalvelu.fi\/tuote\/lamellilaikka-deerfos-ps992-125x222-mm-p40\/#breadcrumb"},"inLanguage":"en-GB","potentialAction":[{"@type":"ReadAction","target":["https:\/\/terapalvelu.fi\/tuote\/lamellilaikka-deerfos-ps992-125x222-mm-p40\/"]}]},{"@type":"ImageObject","inLanguage":"en-GB","@id":"https:\/\/terapalvelu.fi\/tuote\/lamellilaikka-deerfos-ps992-125x222-mm-p40\/#primaryimage","url":"https:\/\/i0.wp.com\/terapalvelu.fi\/wp-content\/uploads\/2019\/12\/lamellilaikka_Deerfos_PS994.jpg?fit=528%2C504&ssl=1","contentUrl":"https:\/\/i0.wp.com\/terapalvelu.fi\/wp-content\/uploads\/2019\/12\/lamellilaikka_Deerfos_PS994.jpg?fit=528%2C504&ssl=1","width":528,"height":504},{"@type":"BreadcrumbList","@id":"https:\/\/terapalvelu.fi\/tuote\/lamellilaikka-deerfos-ps992-125x222-mm-p40\/#breadcrumb","itemListElement":[{"@type":"ListItem","position":1,"name":"Etusivu","item":"https:\/\/terapalvelu.fi\/"},{"@type":"ListItem","position":2,"name":"Vannesahanter\u00e4t, ty\u00f6st\u00f6ter\u00e4t, hiomatarvikkeet","item":"https:\/\/terapalvelu.fi\/kauppa\/"},{"@type":"ListItem","position":3,"name":"Lamellilaikka Deerfos PS994 125&#215;22,2 mm P40"}]},{"@type":"WebSite","@id":"https:\/\/terapalvelu.fi\/#website","url":"https:\/\/terapalvelu.fi\/","name":"Iisalmen Ter\u00e4palvelu","description":"Vannesahanterien maahantuonti ja valmistus. Terien, ty\u00f6kalujen ja koneiden myynti.","publisher":{"@id":"https:\/\/terapalvelu.fi\/#organization"},"potentialAction":[{"@type":"SearchAction","target":{"@type":"EntryPoint","urlTemplate":"https:\/\/terapalvelu.fi\/?s={search_term_string}"},"query-input":{"@type":"PropertyValueSpecification","valueRequired":true,"valueName":"search_term_string"}}],"inLanguage":"en-GB"},{"@type":"Organization","@id":"https:\/\/terapalvelu.fi\/#organization","name":"Iisalmen Ter\u00e4palvelu","url":"https:\/\/terapalvelu.fi\/","logo":{"@type":"ImageObject","inLanguage":"en-GB","@id":"https:\/\/terapalvelu.fi\/#\/schema\/logo\/image\/","url":"https:\/\/i0.wp.com\/terapalvelu.fi\/wp-content\/uploads\/2022\/01\/logo.png?fit=241%2C105&ssl=1","contentUrl":"https:\/\/i0.wp.com\/terapalvelu.fi\/wp-content\/uploads\/2022\/01\/logo.png?fit=241%2C105&ssl=1","width":241,"height":105,"caption":"Iisalmen Ter\u00e4palvelu"},"image":{"@id":"https:\/\/terapalvelu.fi\/#\/schema\/logo\/image\/"}}]}},"jetpack_publicize_connections":[],"jetpack_sharing_enabled":true,"_links":{"self":[{"href":"https:\/\/terapalvelu.fi\/en\/wp-json\/wp\/v2\/product\/308","targetHints":{"allow":["GET"]}}],"collection":[{"href":"https:\/\/terapalvelu.fi\/en\/wp-json\/wp\/v2\/product"}],"about":[{"href":"https:\/\/terapalvelu.fi\/en\/wp-json\/wp\/v2\/types\/product"}],"wp:featuredmedia":[{"embeddable":true,"href":"https:\/\/terapalvelu.fi\/en\/wp-json\/wp\/v2\/media\/467"}],"wp:attachment":[{"href":"https:\/\/terapalvelu.fi\/en\/wp-json\/wp\/v2\/media?parent=308"}],"wp:term":[{"taxonomy":"product_brand","embeddable":true,"href":"https:\/\/terapalvelu.fi\/en\/wp-json\/wp\/v2\/product_brand?post=308"},{"taxonomy":"product_cat","embeddable":true,"href":"https:\/\/terapalvelu.fi\/en\/wp-json\/wp\/v2\/product_cat?post=308"},{"taxonomy":"product_tag","embeddable":true,"href":"https:\/\/terapalvelu.fi\/en\/wp-json\/wp\/v2\/product_tag?post=308"}],"curies":[{"name":"wp","href":"https:\/\/api.w.org\/{rel}","templated":true}]}}