{"id":3578,"date":"2025-01-15T17:04:28","date_gmt":"2025-01-15T15:04:28","guid":{"rendered":"https:\/\/terapalvelu.fi\/?post_type=product&#038;p=3578"},"modified":"2026-01-23T11:03:30","modified_gmt":"2026-01-23T09:03:30","slug":"pcd-ylajyrsintera-16x26-85-mm-z22-rh","status":"publish","type":"product","link":"https:\/\/terapalvelu.fi\/en\/product\/pcd-ylajyrsintera-16x26-85-mm-z22-rh\/","title":{"rendered":"PCD-yl\u00e4jyrsinter\u00e4 16&#215;26\/85 mm Z2+2 RH"},"content":{"rendered":"<p>Korkealuokkainen italialainen kaksileikkuinen (Z2+2) timanttijyrsinter\u00e4 kuluttavien materiaalien, esim. kuitulevyjen ja laminaattien jyrsint\u00e4\u00e4n CNC-koneella. Alhaalta nostava\/ylh\u00e4\u00e4lt\u00e4 painava. Py\u00f6rimissuunta oikea.<br \/>\nHalkaisija 16 mm.<br \/>\nLeikkuukorkeus 26 mm.<br \/>\nKokopituus 85 mm.<br \/>\nVarsi 16&#215;50 mm.<br \/>\nSy\u00f6tt\u00f6nopeus 5-15 m\/min.<\/p>","protected":false},"excerpt":{"rendered":"<p>Korkealuokkainen italialainen kaksileikkuinen (Z2+2) timanttijyrsinter\u00e4 kuluttavien materiaalien, esim. kuitulevyjen ja laminaattien jyrsint\u00e4\u00e4n CNC-koneella. Alhaalta nostava\/ylh\u00e4\u00e4lt\u00e4 painava. Py\u00f6rimissuunta oikea.<br \/>\nHalkaisija 16 mm.<br \/>\nLeikkuukorkeus 26 mm.<br \/>\nKokopituus 85 mm.<br \/>\nVarren halkaisija 16 mm.<\/p>","protected":false},"featured_media":3579,"template":"","meta":{"_acf_changed":false,"jetpack_post_was_ever_published":false,"jetpack_publicize_message":"","jetpack_publicize_feature_enabled":true,"jetpack_social_post_already_shared":true,"jetpack_social_options":{"image_generator_settings":{"template":"highway","default_image_id":0,"font":"","enabled":false},"version":2}},"product_brand":[],"product_cat":[66,67],"product_tag":[74,92,93],"class_list":{"0":"post-3578","1":"product","2":"type-product","3":"status-publish","4":"has-post-thumbnail","6":"product_cat-jyrsinta","7":"product_cat-spiraalitapit","8":"product_tag-cnc-jyrsintera","9":"product_tag-pcd","10":"product_tag-timanttijyrsin","12":"first","13":"instock","14":"taxable","15":"shipping-taxable","16":"purchasable","17":"product-type-simple"},"acf":[],"yoast_head":"<!-- This site is optimized with the Yoast SEO plugin v27.4 - https:\/\/yoast.com\/product\/yoast-seo-wordpress\/ -->\n<title>PCD-yl\u00e4jyrsinter\u00e4 16x26\/85 mm Z2+2 RH - Iisalmen Ter\u00e4palvelu<\/title>\n<meta name=\"robots\" content=\"index, follow, max-snippet:-1, max-image-preview:large, max-video-preview:-1\" \/>\n<link rel=\"canonical\" href=\"https:\/\/terapalvelu.fi\/en\/product\/pcd-ylajyrsintera-16x26-85-mm-z22-rh\/\" \/>\n<meta property=\"og:locale\" content=\"en_GB\" \/>\n<meta property=\"og:type\" content=\"article\" \/>\n<meta property=\"og:title\" content=\"PCD-yl\u00e4jyrsinter\u00e4 16x26\/85 mm Z2+2 RH - Iisalmen Ter\u00e4palvelu\" \/>\n<meta property=\"og:description\" content=\"Korkealuokkainen italialainen kaksileikkuinen (Z2+2) timanttijyrsinter\u00e4 kuluttavien materiaalien, esim. kuitulevyjen ja laminaattien jyrsint\u00e4\u00e4n CNC-koneella. Alhaalta nostava\/ylh\u00e4\u00e4lt\u00e4 painava. Py\u00f6rimissuunta oikea. Halkaisija 16 mm. Leikkuukorkeus 26 mm. Kokopituus 85 mm. Varren halkaisija 16 mm.\" \/>\n<meta property=\"og:url\" content=\"https:\/\/terapalvelu.fi\/en\/product\/pcd-ylajyrsintera-16x26-85-mm-z22-rh\/\" \/>\n<meta property=\"og:site_name\" content=\"Iisalmen Ter\u00e4palvelu\" \/>\n<meta property=\"article:modified_time\" content=\"2026-01-23T09:03:30+00:00\" \/>\n<meta property=\"og:image\" content=\"https:\/\/terapalvelu.fi\/wp-content\/uploads\/2025\/01\/PCD1626Z2.jpg\" \/>\n\t<meta property=\"og:image:width\" content=\"1346\" \/>\n\t<meta property=\"og:image:height\" content=\"1010\" \/>\n\t<meta property=\"og:image:type\" content=\"image\/jpeg\" \/>\n<meta name=\"twitter:card\" content=\"summary_large_image\" \/>\n<meta name=\"twitter:label1\" content=\"Estimated reading time\" \/>\n\t<meta name=\"twitter:data1\" content=\"1 minute\" \/>\n<script type=\"application\/ld+json\" class=\"yoast-schema-graph\">{\"@context\":\"https:\\\/\\\/schema.org\",\"@graph\":[{\"@type\":\"WebPage\",\"@id\":\"https:\\\/\\\/terapalvelu.fi\\\/tuote\\\/pcd-ylajyrsintera-16x26-85-mm-z22-rh\\\/\",\"url\":\"https:\\\/\\\/terapalvelu.fi\\\/tuote\\\/pcd-ylajyrsintera-16x26-85-mm-z22-rh\\\/\",\"name\":\"PCD-yl\u00e4jyrsinter\u00e4 16x26\\\/85 mm Z2+2 RH - Iisalmen Ter\u00e4palvelu\",\"isPartOf\":{\"@id\":\"https:\\\/\\\/terapalvelu.fi\\\/#website\"},\"primaryImageOfPage\":{\"@id\":\"https:\\\/\\\/terapalvelu.fi\\\/tuote\\\/pcd-ylajyrsintera-16x26-85-mm-z22-rh\\\/#primaryimage\"},\"image\":{\"@id\":\"https:\\\/\\\/terapalvelu.fi\\\/tuote\\\/pcd-ylajyrsintera-16x26-85-mm-z22-rh\\\/#primaryimage\"},\"thumbnailUrl\":\"https:\\\/\\\/i0.wp.com\\\/terapalvelu.fi\\\/wp-content\\\/uploads\\\/2025\\\/01\\\/PCD1626Z2.jpg?fit=1346%2C1010&ssl=1\",\"datePublished\":\"2025-01-15T15:04:28+00:00\",\"dateModified\":\"2026-01-23T09:03:30+00:00\",\"breadcrumb\":{\"@id\":\"https:\\\/\\\/terapalvelu.fi\\\/tuote\\\/pcd-ylajyrsintera-16x26-85-mm-z22-rh\\\/#breadcrumb\"},\"inLanguage\":\"en-GB\",\"potentialAction\":[{\"@type\":\"ReadAction\",\"target\":[\"https:\\\/\\\/terapalvelu.fi\\\/tuote\\\/pcd-ylajyrsintera-16x26-85-mm-z22-rh\\\/\"]}]},{\"@type\":\"ImageObject\",\"inLanguage\":\"en-GB\",\"@id\":\"https:\\\/\\\/terapalvelu.fi\\\/tuote\\\/pcd-ylajyrsintera-16x26-85-mm-z22-rh\\\/#primaryimage\",\"url\":\"https:\\\/\\\/i0.wp.com\\\/terapalvelu.fi\\\/wp-content\\\/uploads\\\/2025\\\/01\\\/PCD1626Z2.jpg?fit=1346%2C1010&ssl=1\",\"contentUrl\":\"https:\\\/\\\/i0.wp.com\\\/terapalvelu.fi\\\/wp-content\\\/uploads\\\/2025\\\/01\\\/PCD1626Z2.jpg?fit=1346%2C1010&ssl=1\",\"width\":1346,\"height\":1010},{\"@type\":\"BreadcrumbList\",\"@id\":\"https:\\\/\\\/terapalvelu.fi\\\/tuote\\\/pcd-ylajyrsintera-16x26-85-mm-z22-rh\\\/#breadcrumb\",\"itemListElement\":[{\"@type\":\"ListItem\",\"position\":1,\"name\":\"Etusivu\",\"item\":\"https:\\\/\\\/terapalvelu.fi\\\/\"},{\"@type\":\"ListItem\",\"position\":2,\"name\":\"Vannesahanter\u00e4t, ty\u00f6st\u00f6ter\u00e4t, hiomatarvikkeet\",\"item\":\"https:\\\/\\\/terapalvelu.fi\\\/kauppa\\\/\"},{\"@type\":\"ListItem\",\"position\":3,\"name\":\"PCD-yl\u00e4jyrsinter\u00e4 16&#215;26\\\/85 mm Z2+2 RH\"}]},{\"@type\":\"WebSite\",\"@id\":\"https:\\\/\\\/terapalvelu.fi\\\/#website\",\"url\":\"https:\\\/\\\/terapalvelu.fi\\\/\",\"name\":\"Iisalmen Ter\u00e4palvelu\",\"description\":\"Vannesahanterien maahantuonti ja valmistus. Terien, ty\u00f6kalujen ja koneiden myynti.\",\"publisher\":{\"@id\":\"https:\\\/\\\/terapalvelu.fi\\\/#organization\"},\"potentialAction\":[{\"@type\":\"SearchAction\",\"target\":{\"@type\":\"EntryPoint\",\"urlTemplate\":\"https:\\\/\\\/terapalvelu.fi\\\/?s={search_term_string}\"},\"query-input\":{\"@type\":\"PropertyValueSpecification\",\"valueRequired\":true,\"valueName\":\"search_term_string\"}}],\"inLanguage\":\"en-GB\"},{\"@type\":\"Organization\",\"@id\":\"https:\\\/\\\/terapalvelu.fi\\\/#organization\",\"name\":\"Iisalmen Ter\u00e4palvelu\",\"url\":\"https:\\\/\\\/terapalvelu.fi\\\/\",\"logo\":{\"@type\":\"ImageObject\",\"inLanguage\":\"en-GB\",\"@id\":\"https:\\\/\\\/terapalvelu.fi\\\/#\\\/schema\\\/logo\\\/image\\\/\",\"url\":\"https:\\\/\\\/i0.wp.com\\\/terapalvelu.fi\\\/wp-content\\\/uploads\\\/2022\\\/01\\\/logo.png?fit=241%2C105&ssl=1\",\"contentUrl\":\"https:\\\/\\\/i0.wp.com\\\/terapalvelu.fi\\\/wp-content\\\/uploads\\\/2022\\\/01\\\/logo.png?fit=241%2C105&ssl=1\",\"width\":241,\"height\":105,\"caption\":\"Iisalmen Ter\u00e4palvelu\"},\"image\":{\"@id\":\"https:\\\/\\\/terapalvelu.fi\\\/#\\\/schema\\\/logo\\\/image\\\/\"}}]}<\/script>\n<!-- \/ Yoast SEO plugin. -->","yoast_head_json":{"title":"PCD-yl\u00e4jyrsinter\u00e4 16x26\/85 mm Z2+2 RH - Iisalmen Ter\u00e4palvelu","robots":{"index":"index","follow":"follow","max-snippet":"max-snippet:-1","max-image-preview":"max-image-preview:large","max-video-preview":"max-video-preview:-1"},"canonical":"https:\/\/terapalvelu.fi\/en\/product\/pcd-ylajyrsintera-16x26-85-mm-z22-rh\/","og_locale":"en_GB","og_type":"article","og_title":"PCD-yl\u00e4jyrsinter\u00e4 16x26\/85 mm Z2+2 RH - Iisalmen Ter\u00e4palvelu","og_description":"Korkealuokkainen italialainen kaksileikkuinen (Z2+2) timanttijyrsinter\u00e4 kuluttavien materiaalien, esim. kuitulevyjen ja laminaattien jyrsint\u00e4\u00e4n CNC-koneella. Alhaalta nostava\/ylh\u00e4\u00e4lt\u00e4 painava. Py\u00f6rimissuunta oikea. Halkaisija 16 mm. Leikkuukorkeus 26 mm. Kokopituus 85 mm. Varren halkaisija 16 mm.","og_url":"https:\/\/terapalvelu.fi\/en\/product\/pcd-ylajyrsintera-16x26-85-mm-z22-rh\/","og_site_name":"Iisalmen Ter\u00e4palvelu","article_modified_time":"2026-01-23T09:03:30+00:00","og_image":[{"width":1346,"height":1010,"url":"https:\/\/terapalvelu.fi\/wp-content\/uploads\/2025\/01\/PCD1626Z2.jpg","type":"image\/jpeg"}],"twitter_card":"summary_large_image","twitter_misc":{"Estimated reading time":"1 minute"},"schema":{"@context":"https:\/\/schema.org","@graph":[{"@type":"WebPage","@id":"https:\/\/terapalvelu.fi\/tuote\/pcd-ylajyrsintera-16x26-85-mm-z22-rh\/","url":"https:\/\/terapalvelu.fi\/tuote\/pcd-ylajyrsintera-16x26-85-mm-z22-rh\/","name":"PCD-yl\u00e4jyrsinter\u00e4 16x26\/85 mm Z2+2 RH - Iisalmen Ter\u00e4palvelu","isPartOf":{"@id":"https:\/\/terapalvelu.fi\/#website"},"primaryImageOfPage":{"@id":"https:\/\/terapalvelu.fi\/tuote\/pcd-ylajyrsintera-16x26-85-mm-z22-rh\/#primaryimage"},"image":{"@id":"https:\/\/terapalvelu.fi\/tuote\/pcd-ylajyrsintera-16x26-85-mm-z22-rh\/#primaryimage"},"thumbnailUrl":"https:\/\/i0.wp.com\/terapalvelu.fi\/wp-content\/uploads\/2025\/01\/PCD1626Z2.jpg?fit=1346%2C1010&ssl=1","datePublished":"2025-01-15T15:04:28+00:00","dateModified":"2026-01-23T09:03:30+00:00","breadcrumb":{"@id":"https:\/\/terapalvelu.fi\/tuote\/pcd-ylajyrsintera-16x26-85-mm-z22-rh\/#breadcrumb"},"inLanguage":"en-GB","potentialAction":[{"@type":"ReadAction","target":["https:\/\/terapalvelu.fi\/tuote\/pcd-ylajyrsintera-16x26-85-mm-z22-rh\/"]}]},{"@type":"ImageObject","inLanguage":"en-GB","@id":"https:\/\/terapalvelu.fi\/tuote\/pcd-ylajyrsintera-16x26-85-mm-z22-rh\/#primaryimage","url":"https:\/\/i0.wp.com\/terapalvelu.fi\/wp-content\/uploads\/2025\/01\/PCD1626Z2.jpg?fit=1346%2C1010&ssl=1","contentUrl":"https:\/\/i0.wp.com\/terapalvelu.fi\/wp-content\/uploads\/2025\/01\/PCD1626Z2.jpg?fit=1346%2C1010&ssl=1","width":1346,"height":1010},{"@type":"BreadcrumbList","@id":"https:\/\/terapalvelu.fi\/tuote\/pcd-ylajyrsintera-16x26-85-mm-z22-rh\/#breadcrumb","itemListElement":[{"@type":"ListItem","position":1,"name":"Etusivu","item":"https:\/\/terapalvelu.fi\/"},{"@type":"ListItem","position":2,"name":"Vannesahanter\u00e4t, ty\u00f6st\u00f6ter\u00e4t, hiomatarvikkeet","item":"https:\/\/terapalvelu.fi\/kauppa\/"},{"@type":"ListItem","position":3,"name":"PCD-yl\u00e4jyrsinter\u00e4 16&#215;26\/85 mm Z2+2 RH"}]},{"@type":"WebSite","@id":"https:\/\/terapalvelu.fi\/#website","url":"https:\/\/terapalvelu.fi\/","name":"Iisalmen Ter\u00e4palvelu","description":"Vannesahanterien maahantuonti ja valmistus. Terien, ty\u00f6kalujen ja koneiden myynti.","publisher":{"@id":"https:\/\/terapalvelu.fi\/#organization"},"potentialAction":[{"@type":"SearchAction","target":{"@type":"EntryPoint","urlTemplate":"https:\/\/terapalvelu.fi\/?s={search_term_string}"},"query-input":{"@type":"PropertyValueSpecification","valueRequired":true,"valueName":"search_term_string"}}],"inLanguage":"en-GB"},{"@type":"Organization","@id":"https:\/\/terapalvelu.fi\/#organization","name":"Iisalmen Ter\u00e4palvelu","url":"https:\/\/terapalvelu.fi\/","logo":{"@type":"ImageObject","inLanguage":"en-GB","@id":"https:\/\/terapalvelu.fi\/#\/schema\/logo\/image\/","url":"https:\/\/i0.wp.com\/terapalvelu.fi\/wp-content\/uploads\/2022\/01\/logo.png?fit=241%2C105&ssl=1","contentUrl":"https:\/\/i0.wp.com\/terapalvelu.fi\/wp-content\/uploads\/2022\/01\/logo.png?fit=241%2C105&ssl=1","width":241,"height":105,"caption":"Iisalmen Ter\u00e4palvelu"},"image":{"@id":"https:\/\/terapalvelu.fi\/#\/schema\/logo\/image\/"}}]}},"jetpack_publicize_connections":[],"jetpack_sharing_enabled":true,"_links":{"self":[{"href":"https:\/\/terapalvelu.fi\/en\/wp-json\/wp\/v2\/product\/3578","targetHints":{"allow":["GET"]}}],"collection":[{"href":"https:\/\/terapalvelu.fi\/en\/wp-json\/wp\/v2\/product"}],"about":[{"href":"https:\/\/terapalvelu.fi\/en\/wp-json\/wp\/v2\/types\/product"}],"wp:featuredmedia":[{"embeddable":true,"href":"https:\/\/terapalvelu.fi\/en\/wp-json\/wp\/v2\/media\/3579"}],"wp:attachment":[{"href":"https:\/\/terapalvelu.fi\/en\/wp-json\/wp\/v2\/media?parent=3578"}],"wp:term":[{"taxonomy":"product_brand","embeddable":true,"href":"https:\/\/terapalvelu.fi\/en\/wp-json\/wp\/v2\/product_brand?post=3578"},{"taxonomy":"product_cat","embeddable":true,"href":"https:\/\/terapalvelu.fi\/en\/wp-json\/wp\/v2\/product_cat?post=3578"},{"taxonomy":"product_tag","embeddable":true,"href":"https:\/\/terapalvelu.fi\/en\/wp-json\/wp\/v2\/product_tag?post=3578"}],"curies":[{"name":"wp","href":"https:\/\/api.w.org\/{rel}","templated":true}]}}