{"id":603,"date":"2020-11-22T09:00:07","date_gmt":"2020-11-22T07:00:07","guid":{"rendered":"http:\/\/terapalvelu.fi.www36.zoner-asiakas.fi\/?post_type=product&#038;p=603"},"modified":"2025-07-25T14:22:30","modified_gmt":"2025-07-25T11:22:30","slug":"pohjaleikkuinen-urajyrsin-v12","status":"publish","type":"product","link":"https:\/\/terapalvelu.fi\/en\/product\/pohjaleikkuinen-urajyrsin-v12\/","title":{"rendered":"HW Straight Bits S12 Z2+1"},"content":{"rendered":"<p>Kovametallileikkuinen urajyrsin pohjaleikkuulla. Kaksileikkuinen, varren l\u00e4pimitta 12 mm, varren pituus 50 mm.<\/p>","protected":false},"excerpt":{"rendered":"<p>Kovametallileikkuinen urajyrsin pohjaleikkuulla. Kaksileikkuinen, varren l\u00e4pimitta 12 mm, varren pituus 50 mm.<br \/>\nMitat: halkaisija x leikkuupituus\/kokopituus.<\/p>","protected":false},"featured_media":604,"template":"","meta":{"_acf_changed":false,"jetpack_post_was_ever_published":false,"jetpack_publicize_message":"","jetpack_publicize_feature_enabled":true,"jetpack_social_post_already_shared":true,"jetpack_social_options":{"image_generator_settings":{"template":"highway","default_image_id":0,"font":"","enabled":false},"version":2}},"product_brand":[],"product_cat":[66,76],"product_tag":[70,69],"class_list":{"0":"post-603","1":"product","2":"type-product","3":"status-publish","4":"has-post-thumbnail","6":"product_cat-jyrsinta","7":"product_cat-ylajyrsinterat-v12mm","8":"product_tag-urajyrsin","9":"product_tag-ylajyrsintera","11":"first","12":"instock","13":"taxable","14":"shipping-taxable","15":"purchasable","16":"product-type-variable"},"acf":[],"yoast_head":"<!-- This site is optimized with the Yoast SEO plugin v27.4 - https:\/\/yoast.com\/product\/yoast-seo-wordpress\/ -->\n<title>Pohjaleikkuinen urajyrsin V12 - Iisalmen Ter\u00e4palvelu<\/title>\n<meta name=\"robots\" content=\"index, follow, max-snippet:-1, max-image-preview:large, max-video-preview:-1\" \/>\n<link rel=\"canonical\" href=\"https:\/\/terapalvelu.fi\/en\/product\/pohjaleikkuinen-urajyrsin-v12\/\" \/>\n<meta property=\"og:locale\" content=\"en_GB\" \/>\n<meta property=\"og:type\" content=\"article\" \/>\n<meta property=\"og:title\" content=\"Pohjaleikkuinen urajyrsin V12 - Iisalmen Ter\u00e4palvelu\" \/>\n<meta property=\"og:description\" content=\"Kovametallileikkuinen urajyrsin pohjaleikkuulla. Kaksileikkuinen, varren l\u00e4pimitta 12 mm, varren pituus 50 mm. Mitat: halkaisija x leikkuupituus\/kokopituus.\" \/>\n<meta property=\"og:url\" content=\"https:\/\/terapalvelu.fi\/en\/product\/pohjaleikkuinen-urajyrsin-v12\/\" \/>\n<meta property=\"og:site_name\" content=\"Iisalmen Ter\u00e4palvelu\" \/>\n<meta property=\"article:modified_time\" content=\"2025-07-25T11:22:30+00:00\" \/>\n<meta property=\"og:image\" content=\"https:\/\/terapalvelu.fi\/wp-content\/uploads\/2020\/11\/urajyrsin_v12.png\" \/>\n\t<meta property=\"og:image:width\" content=\"400\" \/>\n\t<meta property=\"og:image:height\" content=\"312\" \/>\n\t<meta property=\"og:image:type\" content=\"image\/png\" \/>\n<meta name=\"twitter:card\" content=\"summary_large_image\" \/>\n<meta name=\"twitter:label1\" content=\"Estimated reading time\" \/>\n\t<meta name=\"twitter:data1\" content=\"1 minute\" \/>\n<script type=\"application\/ld+json\" class=\"yoast-schema-graph\">{\"@context\":\"https:\\\/\\\/schema.org\",\"@graph\":[{\"@type\":\"WebPage\",\"@id\":\"https:\\\/\\\/terapalvelu.fi\\\/tuote\\\/pohjaleikkuinen-urajyrsin-v12\\\/\",\"url\":\"https:\\\/\\\/terapalvelu.fi\\\/tuote\\\/pohjaleikkuinen-urajyrsin-v12\\\/\",\"name\":\"Pohjaleikkuinen urajyrsin V12 - Iisalmen Ter\u00e4palvelu\",\"isPartOf\":{\"@id\":\"https:\\\/\\\/terapalvelu.fi\\\/#website\"},\"primaryImageOfPage\":{\"@id\":\"https:\\\/\\\/terapalvelu.fi\\\/tuote\\\/pohjaleikkuinen-urajyrsin-v12\\\/#primaryimage\"},\"image\":{\"@id\":\"https:\\\/\\\/terapalvelu.fi\\\/tuote\\\/pohjaleikkuinen-urajyrsin-v12\\\/#primaryimage\"},\"thumbnailUrl\":\"https:\\\/\\\/i0.wp.com\\\/terapalvelu.fi\\\/wp-content\\\/uploads\\\/2020\\\/11\\\/urajyrsin_v12.png?fit=400%2C312&ssl=1\",\"datePublished\":\"2020-11-22T07:00:07+00:00\",\"dateModified\":\"2025-07-25T11:22:30+00:00\",\"breadcrumb\":{\"@id\":\"https:\\\/\\\/terapalvelu.fi\\\/tuote\\\/pohjaleikkuinen-urajyrsin-v12\\\/#breadcrumb\"},\"inLanguage\":\"en-GB\",\"potentialAction\":[{\"@type\":\"ReadAction\",\"target\":[\"https:\\\/\\\/terapalvelu.fi\\\/tuote\\\/pohjaleikkuinen-urajyrsin-v12\\\/\"]}]},{\"@type\":\"ImageObject\",\"inLanguage\":\"en-GB\",\"@id\":\"https:\\\/\\\/terapalvelu.fi\\\/tuote\\\/pohjaleikkuinen-urajyrsin-v12\\\/#primaryimage\",\"url\":\"https:\\\/\\\/i0.wp.com\\\/terapalvelu.fi\\\/wp-content\\\/uploads\\\/2020\\\/11\\\/urajyrsin_v12.png?fit=400%2C312&ssl=1\",\"contentUrl\":\"https:\\\/\\\/i0.wp.com\\\/terapalvelu.fi\\\/wp-content\\\/uploads\\\/2020\\\/11\\\/urajyrsin_v12.png?fit=400%2C312&ssl=1\",\"width\":400,\"height\":312},{\"@type\":\"BreadcrumbList\",\"@id\":\"https:\\\/\\\/terapalvelu.fi\\\/tuote\\\/pohjaleikkuinen-urajyrsin-v12\\\/#breadcrumb\",\"itemListElement\":[{\"@type\":\"ListItem\",\"position\":1,\"name\":\"Etusivu\",\"item\":\"https:\\\/\\\/terapalvelu.fi\\\/\"},{\"@type\":\"ListItem\",\"position\":2,\"name\":\"Vannesahanter\u00e4t, ty\u00f6st\u00f6ter\u00e4t, hiomatarvikkeet\",\"item\":\"https:\\\/\\\/terapalvelu.fi\\\/kauppa\\\/\"},{\"@type\":\"ListItem\",\"position\":3,\"name\":\"Pohjaleikkuinen urajyrsin V12\"}]},{\"@type\":\"WebSite\",\"@id\":\"https:\\\/\\\/terapalvelu.fi\\\/#website\",\"url\":\"https:\\\/\\\/terapalvelu.fi\\\/\",\"name\":\"Iisalmen Ter\u00e4palvelu\",\"description\":\"Vannesahanterien maahantuonti ja valmistus. Terien, ty\u00f6kalujen ja koneiden myynti.\",\"publisher\":{\"@id\":\"https:\\\/\\\/terapalvelu.fi\\\/#organization\"},\"potentialAction\":[{\"@type\":\"SearchAction\",\"target\":{\"@type\":\"EntryPoint\",\"urlTemplate\":\"https:\\\/\\\/terapalvelu.fi\\\/?s={search_term_string}\"},\"query-input\":{\"@type\":\"PropertyValueSpecification\",\"valueRequired\":true,\"valueName\":\"search_term_string\"}}],\"inLanguage\":\"en-GB\"},{\"@type\":\"Organization\",\"@id\":\"https:\\\/\\\/terapalvelu.fi\\\/#organization\",\"name\":\"Iisalmen Ter\u00e4palvelu\",\"url\":\"https:\\\/\\\/terapalvelu.fi\\\/\",\"logo\":{\"@type\":\"ImageObject\",\"inLanguage\":\"en-GB\",\"@id\":\"https:\\\/\\\/terapalvelu.fi\\\/#\\\/schema\\\/logo\\\/image\\\/\",\"url\":\"https:\\\/\\\/i0.wp.com\\\/terapalvelu.fi\\\/wp-content\\\/uploads\\\/2022\\\/01\\\/logo.png?fit=241%2C105&ssl=1\",\"contentUrl\":\"https:\\\/\\\/i0.wp.com\\\/terapalvelu.fi\\\/wp-content\\\/uploads\\\/2022\\\/01\\\/logo.png?fit=241%2C105&ssl=1\",\"width\":241,\"height\":105,\"caption\":\"Iisalmen Ter\u00e4palvelu\"},\"image\":{\"@id\":\"https:\\\/\\\/terapalvelu.fi\\\/#\\\/schema\\\/logo\\\/image\\\/\"}}]}<\/script>\n<!-- \/ Yoast SEO plugin. -->","yoast_head_json":{"title":"Pohjaleikkuinen urajyrsin V12 - Iisalmen Ter\u00e4palvelu","robots":{"index":"index","follow":"follow","max-snippet":"max-snippet:-1","max-image-preview":"max-image-preview:large","max-video-preview":"max-video-preview:-1"},"canonical":"https:\/\/terapalvelu.fi\/en\/product\/pohjaleikkuinen-urajyrsin-v12\/","og_locale":"en_GB","og_type":"article","og_title":"Pohjaleikkuinen urajyrsin V12 - Iisalmen Ter\u00e4palvelu","og_description":"Kovametallileikkuinen urajyrsin pohjaleikkuulla. Kaksileikkuinen, varren l\u00e4pimitta 12 mm, varren pituus 50 mm. Mitat: halkaisija x leikkuupituus\/kokopituus.","og_url":"https:\/\/terapalvelu.fi\/en\/product\/pohjaleikkuinen-urajyrsin-v12\/","og_site_name":"Iisalmen Ter\u00e4palvelu","article_modified_time":"2025-07-25T11:22:30+00:00","og_image":[{"width":400,"height":312,"url":"https:\/\/terapalvelu.fi\/wp-content\/uploads\/2020\/11\/urajyrsin_v12.png","type":"image\/png"}],"twitter_card":"summary_large_image","twitter_misc":{"Estimated reading time":"1 minute"},"schema":{"@context":"https:\/\/schema.org","@graph":[{"@type":"WebPage","@id":"https:\/\/terapalvelu.fi\/tuote\/pohjaleikkuinen-urajyrsin-v12\/","url":"https:\/\/terapalvelu.fi\/tuote\/pohjaleikkuinen-urajyrsin-v12\/","name":"Pohjaleikkuinen urajyrsin V12 - Iisalmen Ter\u00e4palvelu","isPartOf":{"@id":"https:\/\/terapalvelu.fi\/#website"},"primaryImageOfPage":{"@id":"https:\/\/terapalvelu.fi\/tuote\/pohjaleikkuinen-urajyrsin-v12\/#primaryimage"},"image":{"@id":"https:\/\/terapalvelu.fi\/tuote\/pohjaleikkuinen-urajyrsin-v12\/#primaryimage"},"thumbnailUrl":"https:\/\/i0.wp.com\/terapalvelu.fi\/wp-content\/uploads\/2020\/11\/urajyrsin_v12.png?fit=400%2C312&ssl=1","datePublished":"2020-11-22T07:00:07+00:00","dateModified":"2025-07-25T11:22:30+00:00","breadcrumb":{"@id":"https:\/\/terapalvelu.fi\/tuote\/pohjaleikkuinen-urajyrsin-v12\/#breadcrumb"},"inLanguage":"en-GB","potentialAction":[{"@type":"ReadAction","target":["https:\/\/terapalvelu.fi\/tuote\/pohjaleikkuinen-urajyrsin-v12\/"]}]},{"@type":"ImageObject","inLanguage":"en-GB","@id":"https:\/\/terapalvelu.fi\/tuote\/pohjaleikkuinen-urajyrsin-v12\/#primaryimage","url":"https:\/\/i0.wp.com\/terapalvelu.fi\/wp-content\/uploads\/2020\/11\/urajyrsin_v12.png?fit=400%2C312&ssl=1","contentUrl":"https:\/\/i0.wp.com\/terapalvelu.fi\/wp-content\/uploads\/2020\/11\/urajyrsin_v12.png?fit=400%2C312&ssl=1","width":400,"height":312},{"@type":"BreadcrumbList","@id":"https:\/\/terapalvelu.fi\/tuote\/pohjaleikkuinen-urajyrsin-v12\/#breadcrumb","itemListElement":[{"@type":"ListItem","position":1,"name":"Etusivu","item":"https:\/\/terapalvelu.fi\/"},{"@type":"ListItem","position":2,"name":"Vannesahanter\u00e4t, ty\u00f6st\u00f6ter\u00e4t, hiomatarvikkeet","item":"https:\/\/terapalvelu.fi\/kauppa\/"},{"@type":"ListItem","position":3,"name":"Pohjaleikkuinen urajyrsin V12"}]},{"@type":"WebSite","@id":"https:\/\/terapalvelu.fi\/#website","url":"https:\/\/terapalvelu.fi\/","name":"Iisalmen Ter\u00e4palvelu","description":"Vannesahanterien maahantuonti ja valmistus. Terien, ty\u00f6kalujen ja koneiden myynti.","publisher":{"@id":"https:\/\/terapalvelu.fi\/#organization"},"potentialAction":[{"@type":"SearchAction","target":{"@type":"EntryPoint","urlTemplate":"https:\/\/terapalvelu.fi\/?s={search_term_string}"},"query-input":{"@type":"PropertyValueSpecification","valueRequired":true,"valueName":"search_term_string"}}],"inLanguage":"en-GB"},{"@type":"Organization","@id":"https:\/\/terapalvelu.fi\/#organization","name":"Iisalmen Ter\u00e4palvelu","url":"https:\/\/terapalvelu.fi\/","logo":{"@type":"ImageObject","inLanguage":"en-GB","@id":"https:\/\/terapalvelu.fi\/#\/schema\/logo\/image\/","url":"https:\/\/i0.wp.com\/terapalvelu.fi\/wp-content\/uploads\/2022\/01\/logo.png?fit=241%2C105&ssl=1","contentUrl":"https:\/\/i0.wp.com\/terapalvelu.fi\/wp-content\/uploads\/2022\/01\/logo.png?fit=241%2C105&ssl=1","width":241,"height":105,"caption":"Iisalmen Ter\u00e4palvelu"},"image":{"@id":"https:\/\/terapalvelu.fi\/#\/schema\/logo\/image\/"}}]}},"jetpack_publicize_connections":[],"jetpack_sharing_enabled":true,"_links":{"self":[{"href":"https:\/\/terapalvelu.fi\/en\/wp-json\/wp\/v2\/product\/603","targetHints":{"allow":["GET"]}}],"collection":[{"href":"https:\/\/terapalvelu.fi\/en\/wp-json\/wp\/v2\/product"}],"about":[{"href":"https:\/\/terapalvelu.fi\/en\/wp-json\/wp\/v2\/types\/product"}],"wp:featuredmedia":[{"embeddable":true,"href":"https:\/\/terapalvelu.fi\/en\/wp-json\/wp\/v2\/media\/604"}],"wp:attachment":[{"href":"https:\/\/terapalvelu.fi\/en\/wp-json\/wp\/v2\/media?parent=603"}],"wp:term":[{"taxonomy":"product_brand","embeddable":true,"href":"https:\/\/terapalvelu.fi\/en\/wp-json\/wp\/v2\/product_brand?post=603"},{"taxonomy":"product_cat","embeddable":true,"href":"https:\/\/terapalvelu.fi\/en\/wp-json\/wp\/v2\/product_cat?post=603"},{"taxonomy":"product_tag","embeddable":true,"href":"https:\/\/terapalvelu.fi\/en\/wp-json\/wp\/v2\/product_tag?post=603"}],"curies":[{"name":"wp","href":"https:\/\/api.w.org\/{rel}","templated":true}]}}