{"id":919,"date":"2021-11-30T18:07:14","date_gmt":"2021-11-30T16:07:14","guid":{"rendered":"http:\/\/terapalvelu.fi.www36.zoner-asiakas.fi\/?post_type=product&#038;p=919"},"modified":"2025-07-25T14:19:25","modified_gmt":"2025-07-25T11:19:25","slug":"oiko-tasohoylantera","status":"publish","type":"product","link":"https:\/\/terapalvelu.fi\/en\/product\/oiko-tasohoylantera\/","title":{"rendered":"Planer knife"},"content":{"rendered":"<p>H\u00f6yl\u00e4nter\u00e4 erikoispikater\u00e4st\u00e4 HSS 18% volframi. Teroitettu yhdelt\u00e4 reunalta. Ei sis\u00e4ll\u00e4 mahdollisia konekohtaisia s\u00e4\u00e4t\u00f6ruuvien koloja. Myyd\u00e4\u00e4n yksitt\u00e4in.<\/p>","protected":false},"excerpt":{"rendered":"<p>H\u00f6yl\u00e4nter\u00e4 erikoispikater\u00e4st\u00e4 HSS18%W.<\/p>\n<p>Myyd\u00e4\u00e4n yksitt\u00e4in.<\/p>","protected":false},"featured_media":483,"template":"","meta":{"_acf_changed":false,"jetpack_post_was_ever_published":false,"jetpack_publicize_message":"","jetpack_publicize_feature_enabled":true,"jetpack_social_post_already_shared":true,"jetpack_social_options":{"image_generator_settings":{"template":"highway","default_image_id":0,"font":"","enabled":false},"version":2}},"product_brand":[],"product_cat":[62],"product_tag":[63,64,65],"class_list":{"0":"post-919","1":"product","2":"type-product","3":"status-publish","4":"has-post-thumbnail","6":"product_cat-hoyla","7":"product_tag-hoylantera","8":"product_tag-oikohoylantera","9":"product_tag-tasohoylantera","11":"first","12":"instock","13":"taxable","14":"shipping-taxable","15":"purchasable","16":"product-type-variable"},"acf":[],"yoast_head":"<!-- This site is optimized with the Yoast SEO plugin v27.4 - https:\/\/yoast.com\/product\/yoast-seo-wordpress\/ -->\n<title>Oiko-\/tasoh\u00f6yl\u00e4nter\u00e4 - Iisalmen Ter\u00e4palvelu<\/title>\n<meta name=\"description\" content=\"H\u00f6yl\u00e4nter\u00e4 erikoispikater\u00e4st\u00e4 HSS 18% volframi. Laaja valikoima eri mittoja heti varastosta. Myyd\u00e4\u00e4n yksitt\u00e4in.\" \/>\n<meta name=\"robots\" content=\"index, follow, max-snippet:-1, max-image-preview:large, max-video-preview:-1\" \/>\n<link rel=\"canonical\" href=\"https:\/\/terapalvelu.fi\/en\/product\/oiko-tasohoylantera\/\" \/>\n<meta property=\"og:locale\" content=\"en_GB\" \/>\n<meta property=\"og:type\" content=\"article\" \/>\n<meta property=\"og:title\" content=\"Oiko-\/tasoh\u00f6yl\u00e4nter\u00e4 - Iisalmen Ter\u00e4palvelu\" \/>\n<meta property=\"og:description\" content=\"H\u00f6yl\u00e4nter\u00e4 erikoispikater\u00e4st\u00e4 HSS 18% volframi. Laaja valikoima eri mittoja heti varastosta. Myyd\u00e4\u00e4n yksitt\u00e4in.\" \/>\n<meta property=\"og:url\" content=\"https:\/\/terapalvelu.fi\/en\/product\/oiko-tasohoylantera\/\" \/>\n<meta property=\"og:site_name\" content=\"Iisalmen Ter\u00e4palvelu\" \/>\n<meta property=\"article:modified_time\" content=\"2025-07-25T11:19:25+00:00\" \/>\n<meta property=\"og:image\" content=\"https:\/\/terapalvelu.fi\/wp-content\/uploads\/2020\/10\/hoylanteraHSS18.jpg\" \/>\n\t<meta property=\"og:image:width\" content=\"319\" \/>\n\t<meta property=\"og:image:height\" content=\"182\" \/>\n\t<meta property=\"og:image:type\" content=\"image\/jpeg\" \/>\n<meta name=\"twitter:card\" content=\"summary_large_image\" \/>\n<meta name=\"twitter:label1\" content=\"Estimated reading time\" \/>\n\t<meta name=\"twitter:data1\" content=\"1 minute\" \/>\n<script type=\"application\/ld+json\" class=\"yoast-schema-graph\">{\"@context\":\"https:\\\/\\\/schema.org\",\"@graph\":[{\"@type\":\"WebPage\",\"@id\":\"https:\\\/\\\/terapalvelu.fi\\\/tuote\\\/oiko-tasohoylantera\\\/\",\"url\":\"https:\\\/\\\/terapalvelu.fi\\\/tuote\\\/oiko-tasohoylantera\\\/\",\"name\":\"Oiko-\\\/tasoh\u00f6yl\u00e4nter\u00e4 - Iisalmen Ter\u00e4palvelu\",\"isPartOf\":{\"@id\":\"https:\\\/\\\/terapalvelu.fi\\\/#website\"},\"primaryImageOfPage\":{\"@id\":\"https:\\\/\\\/terapalvelu.fi\\\/tuote\\\/oiko-tasohoylantera\\\/#primaryimage\"},\"image\":{\"@id\":\"https:\\\/\\\/terapalvelu.fi\\\/tuote\\\/oiko-tasohoylantera\\\/#primaryimage\"},\"thumbnailUrl\":\"https:\\\/\\\/i0.wp.com\\\/terapalvelu.fi\\\/wp-content\\\/uploads\\\/2020\\\/10\\\/hoylanteraHSS18.jpg?fit=319%2C182&ssl=1\",\"datePublished\":\"2021-11-30T16:07:14+00:00\",\"dateModified\":\"2025-07-25T11:19:25+00:00\",\"description\":\"H\u00f6yl\u00e4nter\u00e4 erikoispikater\u00e4st\u00e4 HSS 18% volframi. Laaja valikoima eri mittoja heti varastosta. Myyd\u00e4\u00e4n yksitt\u00e4in.\",\"breadcrumb\":{\"@id\":\"https:\\\/\\\/terapalvelu.fi\\\/tuote\\\/oiko-tasohoylantera\\\/#breadcrumb\"},\"inLanguage\":\"en-GB\",\"potentialAction\":[{\"@type\":\"ReadAction\",\"target\":[\"https:\\\/\\\/terapalvelu.fi\\\/tuote\\\/oiko-tasohoylantera\\\/\"]}]},{\"@type\":\"ImageObject\",\"inLanguage\":\"en-GB\",\"@id\":\"https:\\\/\\\/terapalvelu.fi\\\/tuote\\\/oiko-tasohoylantera\\\/#primaryimage\",\"url\":\"https:\\\/\\\/i0.wp.com\\\/terapalvelu.fi\\\/wp-content\\\/uploads\\\/2020\\\/10\\\/hoylanteraHSS18.jpg?fit=319%2C182&ssl=1\",\"contentUrl\":\"https:\\\/\\\/i0.wp.com\\\/terapalvelu.fi\\\/wp-content\\\/uploads\\\/2020\\\/10\\\/hoylanteraHSS18.jpg?fit=319%2C182&ssl=1\",\"width\":319,\"height\":182},{\"@type\":\"BreadcrumbList\",\"@id\":\"https:\\\/\\\/terapalvelu.fi\\\/tuote\\\/oiko-tasohoylantera\\\/#breadcrumb\",\"itemListElement\":[{\"@type\":\"ListItem\",\"position\":1,\"name\":\"Etusivu\",\"item\":\"https:\\\/\\\/terapalvelu.fi\\\/\"},{\"@type\":\"ListItem\",\"position\":2,\"name\":\"Vannesahanter\u00e4t, ty\u00f6st\u00f6ter\u00e4t, hiomatarvikkeet\",\"item\":\"https:\\\/\\\/terapalvelu.fi\\\/kauppa\\\/\"},{\"@type\":\"ListItem\",\"position\":3,\"name\":\"Oiko-\\\/tasoh\u00f6yl\u00e4nter\u00e4\"}]},{\"@type\":\"WebSite\",\"@id\":\"https:\\\/\\\/terapalvelu.fi\\\/#website\",\"url\":\"https:\\\/\\\/terapalvelu.fi\\\/\",\"name\":\"Iisalmen Ter\u00e4palvelu\",\"description\":\"Vannesahanterien maahantuonti ja valmistus. Terien, ty\u00f6kalujen ja koneiden myynti.\",\"publisher\":{\"@id\":\"https:\\\/\\\/terapalvelu.fi\\\/#organization\"},\"potentialAction\":[{\"@type\":\"SearchAction\",\"target\":{\"@type\":\"EntryPoint\",\"urlTemplate\":\"https:\\\/\\\/terapalvelu.fi\\\/?s={search_term_string}\"},\"query-input\":{\"@type\":\"PropertyValueSpecification\",\"valueRequired\":true,\"valueName\":\"search_term_string\"}}],\"inLanguage\":\"en-GB\"},{\"@type\":\"Organization\",\"@id\":\"https:\\\/\\\/terapalvelu.fi\\\/#organization\",\"name\":\"Iisalmen Ter\u00e4palvelu\",\"url\":\"https:\\\/\\\/terapalvelu.fi\\\/\",\"logo\":{\"@type\":\"ImageObject\",\"inLanguage\":\"en-GB\",\"@id\":\"https:\\\/\\\/terapalvelu.fi\\\/#\\\/schema\\\/logo\\\/image\\\/\",\"url\":\"https:\\\/\\\/i0.wp.com\\\/terapalvelu.fi\\\/wp-content\\\/uploads\\\/2022\\\/01\\\/logo.png?fit=241%2C105&ssl=1\",\"contentUrl\":\"https:\\\/\\\/i0.wp.com\\\/terapalvelu.fi\\\/wp-content\\\/uploads\\\/2022\\\/01\\\/logo.png?fit=241%2C105&ssl=1\",\"width\":241,\"height\":105,\"caption\":\"Iisalmen Ter\u00e4palvelu\"},\"image\":{\"@id\":\"https:\\\/\\\/terapalvelu.fi\\\/#\\\/schema\\\/logo\\\/image\\\/\"}}]}<\/script>\n<!-- \/ Yoast SEO plugin. -->","yoast_head_json":{"title":"Oiko-\/tasoh\u00f6yl\u00e4nter\u00e4 - Iisalmen Ter\u00e4palvelu","description":"H\u00f6yl\u00e4nter\u00e4 erikoispikater\u00e4st\u00e4 HSS 18% volframi. Laaja valikoima eri mittoja heti varastosta. Myyd\u00e4\u00e4n yksitt\u00e4in.","robots":{"index":"index","follow":"follow","max-snippet":"max-snippet:-1","max-image-preview":"max-image-preview:large","max-video-preview":"max-video-preview:-1"},"canonical":"https:\/\/terapalvelu.fi\/en\/product\/oiko-tasohoylantera\/","og_locale":"en_GB","og_type":"article","og_title":"Oiko-\/tasoh\u00f6yl\u00e4nter\u00e4 - Iisalmen Ter\u00e4palvelu","og_description":"H\u00f6yl\u00e4nter\u00e4 erikoispikater\u00e4st\u00e4 HSS 18% volframi. Laaja valikoima eri mittoja heti varastosta. Myyd\u00e4\u00e4n yksitt\u00e4in.","og_url":"https:\/\/terapalvelu.fi\/en\/product\/oiko-tasohoylantera\/","og_site_name":"Iisalmen Ter\u00e4palvelu","article_modified_time":"2025-07-25T11:19:25+00:00","og_image":[{"width":319,"height":182,"url":"https:\/\/terapalvelu.fi\/wp-content\/uploads\/2020\/10\/hoylanteraHSS18.jpg","type":"image\/jpeg"}],"twitter_card":"summary_large_image","twitter_misc":{"Estimated reading time":"1 minute"},"schema":{"@context":"https:\/\/schema.org","@graph":[{"@type":"WebPage","@id":"https:\/\/terapalvelu.fi\/tuote\/oiko-tasohoylantera\/","url":"https:\/\/terapalvelu.fi\/tuote\/oiko-tasohoylantera\/","name":"Oiko-\/tasoh\u00f6yl\u00e4nter\u00e4 - Iisalmen Ter\u00e4palvelu","isPartOf":{"@id":"https:\/\/terapalvelu.fi\/#website"},"primaryImageOfPage":{"@id":"https:\/\/terapalvelu.fi\/tuote\/oiko-tasohoylantera\/#primaryimage"},"image":{"@id":"https:\/\/terapalvelu.fi\/tuote\/oiko-tasohoylantera\/#primaryimage"},"thumbnailUrl":"https:\/\/i0.wp.com\/terapalvelu.fi\/wp-content\/uploads\/2020\/10\/hoylanteraHSS18.jpg?fit=319%2C182&ssl=1","datePublished":"2021-11-30T16:07:14+00:00","dateModified":"2025-07-25T11:19:25+00:00","description":"H\u00f6yl\u00e4nter\u00e4 erikoispikater\u00e4st\u00e4 HSS 18% volframi. Laaja valikoima eri mittoja heti varastosta. Myyd\u00e4\u00e4n yksitt\u00e4in.","breadcrumb":{"@id":"https:\/\/terapalvelu.fi\/tuote\/oiko-tasohoylantera\/#breadcrumb"},"inLanguage":"en-GB","potentialAction":[{"@type":"ReadAction","target":["https:\/\/terapalvelu.fi\/tuote\/oiko-tasohoylantera\/"]}]},{"@type":"ImageObject","inLanguage":"en-GB","@id":"https:\/\/terapalvelu.fi\/tuote\/oiko-tasohoylantera\/#primaryimage","url":"https:\/\/i0.wp.com\/terapalvelu.fi\/wp-content\/uploads\/2020\/10\/hoylanteraHSS18.jpg?fit=319%2C182&ssl=1","contentUrl":"https:\/\/i0.wp.com\/terapalvelu.fi\/wp-content\/uploads\/2020\/10\/hoylanteraHSS18.jpg?fit=319%2C182&ssl=1","width":319,"height":182},{"@type":"BreadcrumbList","@id":"https:\/\/terapalvelu.fi\/tuote\/oiko-tasohoylantera\/#breadcrumb","itemListElement":[{"@type":"ListItem","position":1,"name":"Etusivu","item":"https:\/\/terapalvelu.fi\/"},{"@type":"ListItem","position":2,"name":"Vannesahanter\u00e4t, ty\u00f6st\u00f6ter\u00e4t, hiomatarvikkeet","item":"https:\/\/terapalvelu.fi\/kauppa\/"},{"@type":"ListItem","position":3,"name":"Oiko-\/tasoh\u00f6yl\u00e4nter\u00e4"}]},{"@type":"WebSite","@id":"https:\/\/terapalvelu.fi\/#website","url":"https:\/\/terapalvelu.fi\/","name":"Iisalmen Ter\u00e4palvelu","description":"Vannesahanterien maahantuonti ja valmistus. Terien, ty\u00f6kalujen ja koneiden myynti.","publisher":{"@id":"https:\/\/terapalvelu.fi\/#organization"},"potentialAction":[{"@type":"SearchAction","target":{"@type":"EntryPoint","urlTemplate":"https:\/\/terapalvelu.fi\/?s={search_term_string}"},"query-input":{"@type":"PropertyValueSpecification","valueRequired":true,"valueName":"search_term_string"}}],"inLanguage":"en-GB"},{"@type":"Organization","@id":"https:\/\/terapalvelu.fi\/#organization","name":"Iisalmen Ter\u00e4palvelu","url":"https:\/\/terapalvelu.fi\/","logo":{"@type":"ImageObject","inLanguage":"en-GB","@id":"https:\/\/terapalvelu.fi\/#\/schema\/logo\/image\/","url":"https:\/\/i0.wp.com\/terapalvelu.fi\/wp-content\/uploads\/2022\/01\/logo.png?fit=241%2C105&ssl=1","contentUrl":"https:\/\/i0.wp.com\/terapalvelu.fi\/wp-content\/uploads\/2022\/01\/logo.png?fit=241%2C105&ssl=1","width":241,"height":105,"caption":"Iisalmen Ter\u00e4palvelu"},"image":{"@id":"https:\/\/terapalvelu.fi\/#\/schema\/logo\/image\/"}}]}},"jetpack_publicize_connections":[],"jetpack_sharing_enabled":true,"_links":{"self":[{"href":"https:\/\/terapalvelu.fi\/en\/wp-json\/wp\/v2\/product\/919","targetHints":{"allow":["GET"]}}],"collection":[{"href":"https:\/\/terapalvelu.fi\/en\/wp-json\/wp\/v2\/product"}],"about":[{"href":"https:\/\/terapalvelu.fi\/en\/wp-json\/wp\/v2\/types\/product"}],"wp:featuredmedia":[{"embeddable":true,"href":"https:\/\/terapalvelu.fi\/en\/wp-json\/wp\/v2\/media\/483"}],"wp:attachment":[{"href":"https:\/\/terapalvelu.fi\/en\/wp-json\/wp\/v2\/media?parent=919"}],"wp:term":[{"taxonomy":"product_brand","embeddable":true,"href":"https:\/\/terapalvelu.fi\/en\/wp-json\/wp\/v2\/product_brand?post=919"},{"taxonomy":"product_cat","embeddable":true,"href":"https:\/\/terapalvelu.fi\/en\/wp-json\/wp\/v2\/product_cat?post=919"},{"taxonomy":"product_tag","embeddable":true,"href":"https:\/\/terapalvelu.fi\/en\/wp-json\/wp\/v2\/product_tag?post=919"}],"curies":[{"name":"wp","href":"https:\/\/api.w.org\/{rel}","templated":true}]}}